{"id":1820,"date":"2023-08-08T12:26:37","date_gmt":"2023-08-08T10:26:37","guid":{"rendered":"https:\/\/www.revorgroup.com\/?page_id=1820"},"modified":"2026-02-18T12:12:11","modified_gmt":"2026-02-18T10:12:11","slug":"andere-diensten","status":"publish","type":"page","link":"https:\/\/www.revorgroup.com\/fr\/andere-diensten\/","title":{"rendered":"Autres services"},"content":{"rendered":"<div data-elementor-type=\"wp-page\" data-elementor-id=\"1820\" class=\"elementor elementor-1820\" data-elementor-post-type=\"page\">\n\t\t\t\t\t\t<section class=\"has_eae_slider elementor-section elementor-top-section elementor-element elementor-element-a222bb7 elementor-section-boxed elementor-section-height-default elementor-section-height-default\" data-eae-slider=\"87928\" data-id=\"a222bb7\" data-element_type=\"section\" data-e-type=\"section\">\n\t\t\t\t\t\t<div class=\"elementor-container elementor-column-gap-default\">\n\t\t\t\t\t<div class=\"has_eae_slider elementor-column elementor-col-100 elementor-top-column elementor-element elementor-element-47994f7\" data-eae-slider=\"31478\" data-id=\"47994f7\" data-element_type=\"column\" data-e-type=\"column\">\n\t\t\t<div class=\"elementor-widget-wrap elementor-element-populated\">\n\t\t\t\t\t\t<div class=\"elementor-element elementor-element-6a8b4dd elementor-widget elementor-widget-heading\" data-id=\"6a8b4dd\" data-element_type=\"widget\" data-e-type=\"widget\" data-widget_type=\"heading.default\">\n\t\t\t\t<div class=\"elementor-widget-container\">\n\t\t\t\t\t<h1 class=\"elementor-heading-title elementor-size-default\">Autres services<\/h1>\t\t\t\t<\/div>\n\t\t\t\t<\/div>\n\t\t\t\t<div class=\"elementor-element elementor-element-62979b6 elementor-widget elementor-widget-spacer\" data-id=\"62979b6\" data-element_type=\"widget\" data-e-type=\"widget\" data-widget_type=\"spacer.default\">\n\t\t\t\t<div class=\"elementor-widget-container\">\n\t\t\t\t\t\t\t<div class=\"elementor-spacer\">\n\t\t\t<div class=\"elementor-spacer-inner\"><\/div>\n\t\t<\/div>\n\t\t\t\t\t\t<\/div>\n\t\t\t\t<\/div>\n\t\t\t\t<div class=\"elementor-element elementor-element-de2e96e elementor-cta--layout-image-left elementor-cta--valign-middle elementor-cta--mobile-layout-image-above elementor-cta--skin-classic elementor-animated-content elementor-bg-transform elementor-bg-transform-zoom-in elementor-widget elementor-widget-call-to-action\" data-id=\"de2e96e\" data-element_type=\"widget\" data-e-type=\"widget\" data-widget_type=\"call-to-action.default\">\n\t\t\t\t<div class=\"elementor-widget-container\">\n\t\t\t\t\t\t\t<div class=\"elementor-cta\">\n\t\t\t\t\t<div class=\"elementor-cta__bg-wrapper\">\n\t\t\t\t<div class=\"elementor-cta__bg elementor-bg\" style=\"background-image: url(https:\/\/www.revorgroup.com\/wp-content\/uploads\/2023\/07\/IMG_9452-scaled.jpg);\" role=\"img\" aria-label=\"La personnalisation de votre matelas est possible chez Revor Group\"><\/div>\n\t\t\t\t<div class=\"elementor-cta__bg-overlay\"><\/div>\n\t\t\t<\/div>\n\t\t\t\t\t\t\t<div class=\"elementor-cta__content\">\n\t\t\t\t\n\t\t\t\t\t\t\t\t\t<h2 class=\"elementor-cta__title elementor-cta__content-item elementor-content-item\">\n\t\t\t\t\t\tMarque propre\t\t\t\t\t<\/h2>\n\t\t\t\t\n\t\t\t\t\t\t\t\t\t<div class=\"elementor-cta__description elementor-cta__content-item elementor-content-item\">\n\t\t\t\t\t\tVous \u00eates \u00e0 la recherche d\u2019un fournisseur fiable, sp\u00e9cialis\u00e9 dans la fabrication de produits en marque blanche ? Chez Revor Group, nous disposons de plusieurs d\u00e9cennies d\u2019exp\u00e9rience dans la cr\u00e9ation de solutions de sommeil sur mesure.\n<br><br>\nNous comprenons que chaque entreprise est unique, c\u2019est pourquoi nous proposons des solutions sur mesure. Qu\u2019il s\u2019agisse de cha\u00eenes h\u00f4teli\u00e8res, de sp\u00e9cialistes du sommeil ou d\u2019autres entreprises \u00e0 la recherche de solutions de sommeil haut de gamme, nous sommes pr\u00eats \u00e0 concr\u00e9tiser votre vision.\t\t\t\t\t<\/div>\n\t\t\t\t\n\t\t\t\t\t\t\t\t\t<div class=\"elementor-cta__button-wrapper elementor-cta__content-item elementor-content-item\">\n\t\t\t\t\t<a class=\"elementor-cta__button elementor-button elementor-size-md\" href=\"https:\/\/www.revorgroup.com\/fr\/contacteer-ons\/\">\n\t\t\t\t\t\tContactez-nous\t\t\t\t\t<\/a>\n\t\t\t\t\t<\/div>\n\t\t\t\t\t\t\t<\/div>\n\t\t\t\t\t\t<\/div>\n\t\t\t\t\t\t<\/div>\n\t\t\t\t<\/div>\n\t\t\t\t<div class=\"elementor-element elementor-element-99e6b1d elementor-cta--layout-image-right elementor-cta--valign-middle elementor-cta--mobile-layout-image-above elementor-cta--skin-classic elementor-animated-content elementor-bg-transform elementor-bg-transform-zoom-in elementor-widget elementor-widget-call-to-action\" data-id=\"99e6b1d\" data-element_type=\"widget\" data-e-type=\"widget\" data-widget_type=\"call-to-action.default\">\n\t\t\t\t<div class=\"elementor-widget-container\">\n\t\t\t\t\t\t\t<div class=\"elementor-cta\">\n\t\t\t\t\t<div class=\"elementor-cta__bg-wrapper\">\n\t\t\t\t<div class=\"elementor-cta__bg elementor-bg\" style=\"background-image: url(https:\/\/www.revorgroup.com\/wp-content\/uploads\/2023\/06\/Magazijn_02-scaled.jpg);\" role=\"img\" aria-label=\"Entrep\u00f4t_02\"><\/div>\n\t\t\t\t<div class=\"elementor-cta__bg-overlay\"><\/div>\n\t\t\t<\/div>\n\t\t\t\t\t\t\t<div class=\"elementor-cta__content\">\n\t\t\t\t\n\t\t\t\t\t\t\t\t\t<h4 class=\"elementor-cta__title elementor-cta__content-item elementor-content-item\">\n\t\t\t\t\t\tDropshipping\t\t\t\t\t<\/h4>\n\t\t\t\t\n\t\t\t\t\t\t\t\t\t<div class=\"elementor-cta__description elementor-cta__content-item elementor-content-item\">\n\t\t\t\t\t\tChez Revor Group, nous comprenons que la logistique peut repr\u00e9senter un v\u00e9ritable d\u00e9fi pour votre entreprise. C\u2019est pourquoi nous proposons un programme complet de livraison directe (dropshipping), sp\u00e9cialement con\u00e7u pour les entreprises qui souhaitent vendre des matelas, des boxsprings et d\u2019autres produits de literie. Vous n\u2019avez donc \u00e0 vous soucier de rien en ce qui concerne la gestion logistique.\n<br><br>\nNous prenons en charge le stockage et la logistique. Cela vous permet de vous concentrer pleinement sur les ventes et le service client, pendant que nous nous occupons de toute la gestion logistique.\t\t\t\t\t<\/div>\n\t\t\t\t\n\t\t\t\t\t\t\t\t\t<div class=\"elementor-cta__button-wrapper elementor-cta__content-item elementor-content-item\">\n\t\t\t\t\t<a class=\"elementor-cta__button elementor-button elementor-size-md\" href=\"https:\/\/www.revorgroup.com\/fr\/contacteer-ons\/\">\n\t\t\t\t\t\tContactez-nous\t\t\t\t\t<\/a>\n\t\t\t\t\t<\/div>\n\t\t\t\t\t\t\t<\/div>\n\t\t\t\t\t\t<\/div>\n\t\t\t\t\t\t<\/div>\n\t\t\t\t<\/div>\n\t\t\t\t<div class=\"elementor-element elementor-element-696b8f7 elementor-cta--layout-image-left elementor-cta--valign-middle elementor-cta--mobile-layout-image-above elementor-cta--skin-classic elementor-animated-content elementor-bg-transform elementor-bg-transform-zoom-in elementor-widget elementor-widget-call-to-action\" data-id=\"696b8f7\" data-element_type=\"widget\" data-e-type=\"widget\" data-widget_type=\"call-to-action.default\">\n\t\t\t\t<div class=\"elementor-widget-container\">\n\t\t\t\t\t\t\t<div class=\"elementor-cta\">\n\t\t\t\t\t<div class=\"elementor-cta__bg-wrapper\">\n\t\t\t\t<div class=\"elementor-cta__bg elementor-bg\" style=\"background-image: url(https:\/\/www.revorgroup.com\/wp-content\/uploads\/2023\/06\/vrachtagen.jpg);\" role=\"img\" aria-label=\"jours de cargaison\"><\/div>\n\t\t\t\t<div class=\"elementor-cta__bg-overlay\"><\/div>\n\t\t\t<\/div>\n\t\t\t\t\t\t\t<div class=\"elementor-cta__content\">\n\t\t\t\t\n\t\t\t\t\t\t\t\t\t<h4 class=\"elementor-cta__title elementor-cta__content-item elementor-content-item\">\n\t\t\t\t\t\tExportation\t\t\t\t\t<\/h4>\n\t\t\t\t\n\t\t\t\t\t\t\t\t\t<div class=\"elementor-cta__description elementor-cta__content-item elementor-content-item\">\n\t\t\t\t\t\tChez Revor Group, nous sommes fiers de notre port\u00e9e internationale. Nos matelas, boxsprings et autres solutions de sommeil de haute qualit\u00e9 sont exp\u00e9di\u00e9s dans le monde entier du soleil d\u2019Aruba \u00e0 la beaut\u00e9 de l\u2019Afrique du Sud, et bien au-del\u00e0. O\u00f9 que vous soyez, vous pouvez compter sur la qualit\u00e9 et le confort de nos produits.\n\n<br><br>Nous comprenons qu\u2019un bon sommeil est essentiel, quel que soit l\u2019endroit o\u00f9 l\u2019on se trouve. C\u2019est pourquoi nous nous engageons \u00e0 livrer nos produits aux quatre coins du monde, afin que chacun puisse b\u00e9n\u00e9ficier des excellentes solutions de sommeil que nous proposons. Nos partenaires logistiques assurent une livraison s\u00fbre et efficace, pour que votre commande arrive en parfait \u00e9tat et dans les d\u00e9lais.\t\t\t\t\t<\/div>\n\t\t\t\t\n\t\t\t\t\t\t\t\t\t<div class=\"elementor-cta__button-wrapper elementor-cta__content-item elementor-content-item\">\n\t\t\t\t\t<a class=\"elementor-cta__button elementor-button elementor-size-md\" href=\"https:\/\/www.revorgroup.com\/fr\/contacteer-ons\/\">\n\t\t\t\t\t\tContactez-nous\t\t\t\t\t<\/a>\n\t\t\t\t\t<\/div>\n\t\t\t\t\t\t\t<\/div>\n\t\t\t\t\t\t<\/div>\n\t\t\t\t\t\t<\/div>\n\t\t\t\t<\/div>\n\t\t\t\t\t<\/div>\n\t\t<\/div>\n\t\t\t\t\t<\/div>\n\t\t<\/section>\n\t\t\t\t<\/div>","protected":false},"excerpt":{"rendered":"<p>Andere diensten Private label Bent u op zoek naar een betrouwbare leverancier die gespecialiseerd is in het produceren van Private Label producten? Bij Revor Group hebben we decennia aan ervaring in het cre\u00ebren van op maat gemaakte slaapoplossingen. Wij begrijpen dat elk bedrijf uniek is, en daarom bieden wij op maat gemaakte oplossingen. Of het [&hellip;]<\/p>","protected":false},"author":8158,"featured_media":0,"parent":0,"menu_order":0,"comment_status":"closed","ping_status":"closed","template":"","meta":{"_monsterinsights_skip_tracking":false,"_monsterinsights_sitenote_active":false,"_monsterinsights_sitenote_note":"","_monsterinsights_sitenote_category":0,"footnotes":""},"class_list":["post-1820","page","type-page","status-publish","hentry"],"yoast_head":"<!-- This site is optimized with the Yoast SEO plugin v24.8.1 - https:\/\/yoast.com\/wordpress\/plugins\/seo\/ -->\n<title>Andere diensten - Revor Group<\/title>\n<meta name=\"description\" content=\"Ontdek onze aanvullende diensten zoals private label productie, dropshipping en wereldwijde export van premium matrassen en boxsprings.\" \/>\n<meta name=\"robots\" content=\"index, follow, max-snippet:-1, max-image-preview:large, max-video-preview:-1\" \/>\n<link rel=\"canonical\" href=\"https:\/\/www.revorgroup.com\/fr\/andere-diensten\/\" \/>\n<meta property=\"og:locale\" content=\"fr_FR\" \/>\n<meta property=\"og:type\" content=\"article\" \/>\n<meta property=\"og:title\" content=\"Andere diensten - Revor Group\" \/>\n<meta property=\"og:description\" content=\"Ontdek onze aanvullende diensten zoals private label productie, dropshipping en wereldwijde export van premium matrassen en boxsprings.\" \/>\n<meta property=\"og:url\" content=\"https:\/\/www.revorgroup.com\/fr\/andere-diensten\/\" \/>\n<meta property=\"og:site_name\" content=\"Revor Group\" \/>\n<meta property=\"article:modified_time\" content=\"2026-02-18T10:12:11+00:00\" \/>\n<meta name=\"twitter:card\" content=\"summary_large_image\" \/>\n<meta name=\"twitter:label1\" content=\"Dur\u00e9e de lecture est.\" \/>\n\t<meta name=\"twitter:data1\" content=\"2 minutes\" \/>\n<script type=\"application\/ld+json\" class=\"yoast-schema-graph\">{\"@context\":\"https:\/\/schema.org\",\"@graph\":[{\"@type\":\"WebPage\",\"@id\":\"https:\/\/www.revorgroup.com\/andere-diensten\/\",\"url\":\"https:\/\/www.revorgroup.com\/andere-diensten\/\",\"name\":\"Andere diensten - Revor Group\",\"isPartOf\":{\"@id\":\"https:\/\/revorgroup.elementor.cloud\/#website\"},\"datePublished\":\"2023-08-08T10:26:37+00:00\",\"dateModified\":\"2026-02-18T10:12:11+00:00\",\"description\":\"Ontdek onze aanvullende diensten zoals private label productie, dropshipping en wereldwijde export van premium matrassen en boxsprings.\",\"breadcrumb\":{\"@id\":\"https:\/\/www.revorgroup.com\/andere-diensten\/#breadcrumb\"},\"inLanguage\":\"fr-BE\",\"potentialAction\":[{\"@type\":\"ReadAction\",\"target\":[\"https:\/\/www.revorgroup.com\/andere-diensten\/\"]}]},{\"@type\":\"BreadcrumbList\",\"@id\":\"https:\/\/www.revorgroup.com\/andere-diensten\/#breadcrumb\",\"itemListElement\":[{\"@type\":\"ListItem\",\"position\":1,\"name\":\"Home\",\"item\":\"https:\/\/www.revorgroup.com\/\"},{\"@type\":\"ListItem\",\"position\":2,\"name\":\"Andere diensten\"}]},{\"@type\":\"WebSite\",\"@id\":\"https:\/\/revorgroup.elementor.cloud\/#website\",\"url\":\"https:\/\/revorgroup.elementor.cloud\/\",\"name\":\"Revor Group\",\"description\":\"Producent van matrassen en boxsprings.\",\"publisher\":{\"@id\":\"https:\/\/revorgroup.elementor.cloud\/#organization\"},\"potentialAction\":[{\"@type\":\"SearchAction\",\"target\":{\"@type\":\"EntryPoint\",\"urlTemplate\":\"https:\/\/revorgroup.elementor.cloud\/?s={search_term_string}\"},\"query-input\":{\"@type\":\"PropertyValueSpecification\",\"valueRequired\":true,\"valueName\":\"search_term_string\"}}],\"inLanguage\":\"fr-BE\"},{\"@type\":\"Organization\",\"@id\":\"https:\/\/revorgroup.elementor.cloud\/#organization\",\"name\":\"Revor Group\",\"url\":\"https:\/\/revorgroup.elementor.cloud\/\",\"logo\":{\"@type\":\"ImageObject\",\"inLanguage\":\"fr-BE\",\"@id\":\"https:\/\/revorgroup.elementor.cloud\/#\/schema\/logo\/image\/\",\"url\":\"https:\/\/www.revorgroup.com\/wp-content\/uploads\/2022\/08\/logo_revor_bedding_group_pos-scaled.png\",\"contentUrl\":\"https:\/\/www.revorgroup.com\/wp-content\/uploads\/2022\/08\/logo_revor_bedding_group_pos-scaled.png\",\"width\":2560,\"height\":747,\"caption\":\"Revor Group\"},\"image\":{\"@id\":\"https:\/\/revorgroup.elementor.cloud\/#\/schema\/logo\/image\/\"}}]}<\/script>\n<!-- \/ Yoast SEO plugin. -->","yoast_head_json":{"title":"Andere diensten - Revor Group","description":"Ontdek onze aanvullende diensten zoals private label productie, dropshipping en wereldwijde export van premium matrassen en boxsprings.","robots":{"index":"index","follow":"follow","max-snippet":"max-snippet:-1","max-image-preview":"max-image-preview:large","max-video-preview":"max-video-preview:-1"},"canonical":"https:\/\/www.revorgroup.com\/fr\/andere-diensten\/","og_locale":"fr_FR","og_type":"article","og_title":"Andere diensten - Revor Group","og_description":"Ontdek onze aanvullende diensten zoals private label productie, dropshipping en wereldwijde export van premium matrassen en boxsprings.","og_url":"https:\/\/www.revorgroup.com\/fr\/andere-diensten\/","og_site_name":"Revor Group","article_modified_time":"2026-02-18T10:12:11+00:00","twitter_card":"summary_large_image","twitter_misc":{"Dur\u00e9e de lecture est.":"2 minutes"},"schema":{"@context":"https:\/\/schema.org","@graph":[{"@type":"WebPage","@id":"https:\/\/www.revorgroup.com\/andere-diensten\/","url":"https:\/\/www.revorgroup.com\/andere-diensten\/","name":"Andere diensten - Revor Group","isPartOf":{"@id":"https:\/\/revorgroup.elementor.cloud\/#website"},"datePublished":"2023-08-08T10:26:37+00:00","dateModified":"2026-02-18T10:12:11+00:00","description":"Ontdek onze aanvullende diensten zoals private label productie, dropshipping en wereldwijde export van premium matrassen en boxsprings.","breadcrumb":{"@id":"https:\/\/www.revorgroup.com\/andere-diensten\/#breadcrumb"},"inLanguage":"fr-BE","potentialAction":[{"@type":"ReadAction","target":["https:\/\/www.revorgroup.com\/andere-diensten\/"]}]},{"@type":"BreadcrumbList","@id":"https:\/\/www.revorgroup.com\/andere-diensten\/#breadcrumb","itemListElement":[{"@type":"ListItem","position":1,"name":"Home","item":"https:\/\/www.revorgroup.com\/"},{"@type":"ListItem","position":2,"name":"Andere diensten"}]},{"@type":"WebSite","@id":"https:\/\/revorgroup.elementor.cloud\/#website","url":"https:\/\/revorgroup.elementor.cloud\/","name":"Revor Group","description":"Producent van matrassen en boxsprings.","publisher":{"@id":"https:\/\/revorgroup.elementor.cloud\/#organization"},"potentialAction":[{"@type":"SearchAction","target":{"@type":"EntryPoint","urlTemplate":"https:\/\/revorgroup.elementor.cloud\/?s={search_term_string}"},"query-input":{"@type":"PropertyValueSpecification","valueRequired":true,"valueName":"search_term_string"}}],"inLanguage":"fr-BE"},{"@type":"Organization","@id":"https:\/\/revorgroup.elementor.cloud\/#organization","name":"Revor Group","url":"https:\/\/revorgroup.elementor.cloud\/","logo":{"@type":"ImageObject","inLanguage":"fr-BE","@id":"https:\/\/revorgroup.elementor.cloud\/#\/schema\/logo\/image\/","url":"https:\/\/www.revorgroup.com\/wp-content\/uploads\/2022\/08\/logo_revor_bedding_group_pos-scaled.png","contentUrl":"https:\/\/www.revorgroup.com\/wp-content\/uploads\/2022\/08\/logo_revor_bedding_group_pos-scaled.png","width":2560,"height":747,"caption":"Revor Group"},"image":{"@id":"https:\/\/revorgroup.elementor.cloud\/#\/schema\/logo\/image\/"}}]}},"_links":{"self":[{"href":"https:\/\/www.revorgroup.com\/fr\/wp-json\/wp\/v2\/pages\/1820","targetHints":{"allow":["GET"]}}],"collection":[{"href":"https:\/\/www.revorgroup.com\/fr\/wp-json\/wp\/v2\/pages"}],"about":[{"href":"https:\/\/www.revorgroup.com\/fr\/wp-json\/wp\/v2\/types\/page"}],"author":[{"embeddable":true,"href":"https:\/\/www.revorgroup.com\/fr\/wp-json\/wp\/v2\/users\/8158"}],"replies":[{"embeddable":true,"href":"https:\/\/www.revorgroup.com\/fr\/wp-json\/wp\/v2\/comments?post=1820"}],"version-history":[{"count":25,"href":"https:\/\/www.revorgroup.com\/fr\/wp-json\/wp\/v2\/pages\/1820\/revisions"}],"predecessor-version":[{"id":3847,"href":"https:\/\/www.revorgroup.com\/fr\/wp-json\/wp\/v2\/pages\/1820\/revisions\/3847"}],"wp:attachment":[{"href":"https:\/\/www.revorgroup.com\/fr\/wp-json\/wp\/v2\/media?parent=1820"}],"curies":[{"name":"wp","href":"https:\/\/api.w.org\/{rel}","templated":true}]}}