{"id":3236,"date":"2025-05-09T11:55:24","date_gmt":"2025-05-09T09:55:24","guid":{"rendered":"https:\/\/www.revorgroup.com\/?page_id=3236"},"modified":"2026-02-18T16:31:44","modified_gmt":"2026-02-18T14:31:44","slug":"radisson-blu","status":"publish","type":"page","link":"https:\/\/www.revorgroup.com\/de\/radisson-blu\/","title":{"rendered":"Radisson Blu"},"content":{"rendered":"<div data-elementor-type=\"wp-page\" data-elementor-id=\"3236\" class=\"elementor elementor-3236\" data-elementor-post-type=\"page\">\n\t\t\t\t\t\t<section class=\"has_eae_slider elementor-section elementor-top-section elementor-element elementor-element-1c7e8435 elementor-section-boxed elementor-section-height-default elementor-section-height-default\" data-eae-slider=\"74861\" data-id=\"1c7e8435\" data-element_type=\"section\" data-e-type=\"section\">\n\t\t\t\t\t\t<div class=\"elementor-container elementor-column-gap-default\">\n\t\t\t\t\t<div class=\"has_eae_slider elementor-column elementor-col-50 elementor-top-column elementor-element elementor-element-764a533f\" data-eae-slider=\"99135\" data-id=\"764a533f\" data-element_type=\"column\" data-e-type=\"column\">\n\t\t\t<div class=\"elementor-widget-wrap elementor-element-populated\">\n\t\t\t\t\t\t<div class=\"elementor-element elementor-element-7007842d elementor-widget elementor-widget-heading\" data-id=\"7007842d\" data-element_type=\"widget\" data-e-type=\"widget\" data-widget_type=\"heading.default\">\n\t\t\t\t<div class=\"elementor-widget-container\">\n\t\t\t\t\t<h2 class=\"elementor-heading-title elementor-size-default\">Radisson Blu<\/h2>\t\t\t\t<\/div>\n\t\t\t\t<\/div>\n\t\t\t\t<div class=\"elementor-element elementor-element-21febb06 elementor-widget elementor-widget-text-editor\" data-id=\"21febb06\" data-element_type=\"widget\" data-e-type=\"widget\" data-widget_type=\"text-editor.default\">\n\t\t\t\t<div class=\"elementor-widget-container\">\n\t\t\t\t\t\t\t\t\t<p><strong>Schafft relevante Erlebnisse in stilvollen Umgebungen<\/strong><\/p>\t\t\t\t\t\t\t\t<\/div>\n\t\t\t\t<\/div>\n\t\t\t\t<div class=\"elementor-element elementor-element-69865474 elementor-widget elementor-widget-text-editor\" data-id=\"69865474\" data-element_type=\"widget\" data-e-type=\"widget\" data-widget_type=\"text-editor.default\">\n\t\t\t\t<div class=\"elementor-widget-container\">\n\t\t\t\t\t\t\t\t\t<p>Radisson Blu ist weltweit bekannt f\u00fcr seine stilvolle Gastfreundschaft, bei der jedes Detail z\u00e4hlt. Mit einem starken Fokus auf Komfort, erstklassigen Service und Sinn f\u00fcr Qualit\u00e4t gelingt es der Marke immer wieder, unvergessliche Erlebnisse zu schaffen. Durch die Aufmerksamkeit f\u00fcr die kleinen Dinge, die den gro\u00dfen Unterschied machen, bietet Radisson Blu nicht nur einen Aufenthalt, sondern ein Erlebnis, das inspiriert und im Ged\u00e4chtnis bleibt.<\/p>\n<p><!-- \/wp:paragraph --><\/p>\n<p><!-- wp:paragraph --><\/p>\n<p><!-- \/wp:paragraph --><\/p>\t\t\t\t\t\t\t\t<\/div>\n\t\t\t\t<\/div>\n\t\t\t\t<div class=\"elementor-element elementor-element-4e0db9ad elementor-widget elementor-widget-text-editor\" data-id=\"4e0db9ad\" data-element_type=\"widget\" data-e-type=\"widget\" data-settings=\"{&quot;_animation&quot;:&quot;none&quot;}\" data-widget_type=\"text-editor.default\">\n\t\t\t\t<div class=\"elementor-widget-container\">\n\t\t\t\t\t\t\t\t\t<p><strong><span style=\"font-size: 36px; letter-spacing: 0px;\">\"Unsere G\u00e4ste waren so begeistert vom Schlafkomfort, dass einige spontan in den sozialen Medien ihr Lob teilten, das sagt alles!<\/span><\/strong><strong><span style=\"font-size: 36px; letter-spacing: 0px;\">&#8220;<\/span><\/strong><\/p>\n<p><!-- \/wp:paragraph --><\/p>\n<p><!-- wp:paragraph --><\/p>\n<p><!-- \/wp:paragraph --><\/p>\t\t\t\t\t\t\t\t<\/div>\n\t\t\t\t<\/div>\n\t\t\t\t<div class=\"elementor-element elementor-element-78313f5c elementor-widget elementor-widget-text-editor\" data-id=\"78313f5c\" data-element_type=\"widget\" data-e-type=\"widget\" data-settings=\"{&quot;_animation&quot;:&quot;none&quot;}\" data-widget_type=\"text-editor.default\">\n\t\t\t\t<div class=\"elementor-widget-container\">\n\t\t\t\t\t\t\t\t\t<p>Radisson Blu Resort &amp; Spa<\/p>\t\t\t\t\t\t\t\t<\/div>\n\t\t\t\t<\/div>\n\t\t\t\t\t<\/div>\n\t\t<\/div>\n\t\t\t\t<div class=\"has_eae_slider elementor-column elementor-col-50 elementor-top-column elementor-element elementor-element-32e0c819 animated-slow elementor-invisible\" data-eae-slider=\"60198\" data-id=\"32e0c819\" data-element_type=\"column\" data-e-type=\"column\" data-settings=\"{&quot;animation&quot;:&quot;fadeIn&quot;}\">\n\t\t\t<div class=\"elementor-widget-wrap elementor-element-populated\">\n\t\t\t\t\t\t<div class=\"elementor-element elementor-element-2606c048 elementor-invisible elementor-widget elementor-widget-image\" data-id=\"2606c048\" data-element_type=\"widget\" data-e-type=\"widget\" data-settings=\"{&quot;_animation&quot;:&quot;fadeIn&quot;}\" data-widget_type=\"image.default\">\n\t\t\t\t<div class=\"elementor-widget-container\">\n\t\t\t\t\t\t\t\t\t\t\t\t\t\t\t<img decoding=\"async\" src=\"https:\/\/www.revorgroup.com\/wp-content\/uploads\/elementor\/thumbs\/radissonblu-1-r5jnj76fy7qb8oh28fw3u053xfvmewt2gaabaea974.jpg\" title=\"radissonblu-1\" alt=\"radissonblu-1\" loading=\"lazy\" \/>\t\t\t\t\t\t\t\t\t\t\t\t\t\t\t<\/div>\n\t\t\t\t<\/div>\n\t\t\t\t\t<\/div>\n\t\t<\/div>\n\t\t\t\t\t<\/div>\n\t\t<\/section>\n\t\t\t\t<section class=\"has_eae_slider elementor-section elementor-top-section elementor-element elementor-element-3eaa3ce4 elementor-section-boxed elementor-section-height-default elementor-section-height-default\" data-eae-slider=\"47286\" data-id=\"3eaa3ce4\" data-element_type=\"section\" data-e-type=\"section\" data-settings=\"{&quot;background_background&quot;:&quot;classic&quot;}\">\n\t\t\t\t\t\t<div class=\"elementor-container elementor-column-gap-default\">\n\t\t\t\t\t<div class=\"has_eae_slider elementor-column elementor-col-50 elementor-top-column elementor-element elementor-element-4babf0bf\" data-eae-slider=\"1889\" data-id=\"4babf0bf\" data-element_type=\"column\" data-e-type=\"column\">\n\t\t\t<div class=\"elementor-widget-wrap elementor-element-populated\">\n\t\t\t\t\t\t<div class=\"elementor-element elementor-element-4369aa5a elementor-invisible elementor-widget elementor-widget-image\" data-id=\"4369aa5a\" data-element_type=\"widget\" data-e-type=\"widget\" data-settings=\"{&quot;_animation&quot;:&quot;fadeIn&quot;}\" data-widget_type=\"image.default\">\n\t\t\t\t<div class=\"elementor-widget-container\">\n\t\t\t\t\t\t\t\t\t\t\t\t\t\t\t<img fetchpriority=\"high\" decoding=\"async\" width=\"768\" height=\"651\" src=\"https:\/\/www.revorgroup.com\/wp-content\/uploads\/2025\/05\/radissonblu-01-768x651.jpg\" class=\"attachment-medium_large size-medium_large wp-image-3240\" alt=\"\" srcset=\"https:\/\/www.revorgroup.com\/wp-content\/uploads\/2025\/05\/radissonblu-01-768x651.jpg 768w, https:\/\/www.revorgroup.com\/wp-content\/uploads\/2025\/05\/radissonblu-01-300x254.jpg 300w, https:\/\/www.revorgroup.com\/wp-content\/uploads\/2025\/05\/radissonblu-01-1024x867.jpg 1024w, https:\/\/www.revorgroup.com\/wp-content\/uploads\/2025\/05\/radissonblu-01-14x12.jpg 14w, https:\/\/www.revorgroup.com\/wp-content\/uploads\/2025\/05\/radissonblu-01.jpg 1275w\" sizes=\"(max-width: 768px) 100vw, 768px\" \/>\t\t\t\t\t\t\t\t\t\t\t\t\t\t\t<\/div>\n\t\t\t\t<\/div>\n\t\t\t\t\t<\/div>\n\t\t<\/div>\n\t\t\t\t<div class=\"has_eae_slider elementor-column elementor-col-50 elementor-top-column elementor-element elementor-element-6eb58a45\" data-eae-slider=\"16454\" data-id=\"6eb58a45\" data-element_type=\"column\" data-e-type=\"column\">\n\t\t\t<div class=\"elementor-widget-wrap elementor-element-populated\">\n\t\t\t\t\t\t<div class=\"elementor-element elementor-element-3601b3dc elementor-widget elementor-widget-text-editor\" data-id=\"3601b3dc\" data-element_type=\"widget\" data-e-type=\"widget\" data-widget_type=\"text-editor.default\">\n\t\t\t\t<div class=\"elementor-widget-container\">\n\t\t\t\t\t\t\t\t\t<p>Wahl des Kunden:\u00a0<\/p>\t\t\t\t\t\t\t\t<\/div>\n\t\t\t\t<\/div>\n\t\t\t\t<div class=\"elementor-element elementor-element-33e1bfc9 elementor-widget elementor-widget-text-editor\" data-id=\"33e1bfc9\" data-element_type=\"widget\" data-e-type=\"widget\" data-widget_type=\"text-editor.default\">\n\t\t\t\t<div class=\"elementor-widget-container\">\n\t\t\t\t\t\t\t\t\t<ul>\n<li data-start=\"683\" data-end=\"802\">\n<p data-start=\"685\" data-end=\"802\">Wir suchten einen Partner,\u00a0<span style=\"background-color: transparent;\">der nicht nur hochwertige Produkte liefern konnte, sondern auch ma\u00dfgeschneiderte L\u00f6sungen sowie einen Fokus auf <strong>nat\u00fcrliche und umweltfreundliche Produktionsprozesse<\/strong> bot. Dies entspricht den Werten von Radisson Blu.<\/span><\/p>\n<\/li>\n<li data-start=\"683\" data-end=\"802\">\n<p data-start=\"685\" data-end=\"802\"><span style=\"background-color: transparent;\">Der Schwerpunkt liegt auf <strong>Nachhaltigkeit und Ergonomie,<\/strong>denn das Wohlbefinden unserer G\u00e4ste hat f\u00fcr uns h\u00f6chste Priorit\u00e4t.\u00a0<\/span><\/p>\n<\/li>\n<li data-start=\"908\" data-end=\"1025\">\n<p data-start=\"910\" data-end=\"1025\">Die ausgew\u00e4hlten Materialien bieten <strong>hohen Schlafkomfort<\/strong> und erf\u00fcllen <strong>strenge Hotelstandards<\/strong> im Hinblick auf Sicherheit.<\/p>\n<\/li>\n<li data-start=\"908\" data-end=\"1025\">\n<p data-start=\"910\" data-end=\"1025\"><span style=\"background-color: transparent;\">Ma\u00dfgefertigte Matratzen und Boxspringbetten mit Taschenfedern und <strong>schwer entflammbaren Bez\u00fcgen<\/strong> wurden geliefert.<\/span><\/p>\n<\/li>\n<li data-start=\"1134\" data-end=\"1245\">\n<p data-start=\"1136\" data-end=\"1245\">Die Revor Group hat eine <strong>Bronze-Bewertung von EcoVadis erhalten<\/strong> als Anerkennung f\u00fcr nachhaltiges und ethisches Unternehmertum.<\/p>\n<\/li>\n<\/ul>\t\t\t\t\t\t\t\t<\/div>\n\t\t\t\t<\/div>\n\t\t\t\t\t<\/div>\n\t\t<\/div>\n\t\t\t\t\t<\/div>\n\t\t<\/section>\n\t\t\t\t<section class=\"has_eae_slider elementor-section elementor-top-section elementor-element elementor-element-7f9fb519 elementor-section-boxed elementor-section-height-default elementor-section-height-default\" data-eae-slider=\"14069\" data-id=\"7f9fb519\" data-element_type=\"section\" data-e-type=\"section\" data-settings=\"{&quot;background_background&quot;:&quot;classic&quot;}\">\n\t\t\t\t\t\t<div class=\"elementor-container elementor-column-gap-default\">\n\t\t\t\t\t<div class=\"has_eae_slider elementor-column elementor-col-66 elementor-top-column elementor-element elementor-element-17a919f9\" data-eae-slider=\"18408\" data-id=\"17a919f9\" data-element_type=\"column\" data-e-type=\"column\">\n\t\t\t<div class=\"elementor-widget-wrap elementor-element-populated\">\n\t\t\t\t\t\t<div class=\"elementor-element elementor-element-ff8a878 elementor-widget elementor-widget-text-editor\" data-id=\"ff8a878\" data-element_type=\"widget\" data-e-type=\"widget\" data-widget_type=\"text-editor.default\">\n\t\t\t\t<div class=\"elementor-widget-container\">\n\t\t\t\t\t\t\t\t\t<p>M\u00f6chten auch Sie, dass Ihre Kunden echten Schlafkomfort genie\u00dfen?<\/p>\t\t\t\t\t\t\t\t<\/div>\n\t\t\t\t<\/div>\n\t\t\t\t\t<\/div>\n\t\t<\/div>\n\t\t\t\t<div class=\"has_eae_slider elementor-column elementor-col-33 elementor-top-column elementor-element elementor-element-78a8b80b\" data-eae-slider=\"79461\" data-id=\"78a8b80b\" data-element_type=\"column\" data-e-type=\"column\">\n\t\t\t<div class=\"elementor-widget-wrap elementor-element-populated\">\n\t\t\t\t\t\t<div class=\"elementor-element elementor-element-79440f02 elementor-button-info elementor-widget elementor-widget-button\" data-id=\"79440f02\" data-element_type=\"widget\" data-e-type=\"widget\" data-widget_type=\"button.default\">\n\t\t\t\t<div class=\"elementor-widget-container\">\n\t\t\t\t\t\t\t\t\t<div class=\"elementor-button-wrapper\">\n\t\t\t\t\t<a class=\"elementor-button elementor-button-link elementor-size-sm\" href=\"https:\/\/www.revorgroup.com\/de\/contacteer-ons\/\">\n\t\t\t\t\t\t<span class=\"elementor-button-content-wrapper\">\n\t\t\t\t\t\t\t\t\t<span class=\"elementor-button-text\">Kontakt aufnehmen<\/span>\n\t\t\t\t\t<\/span>\n\t\t\t\t\t<\/a>\n\t\t\t\t<\/div>\n\t\t\t\t\t\t\t\t<\/div>\n\t\t\t\t<\/div>\n\t\t\t\t\t<\/div>\n\t\t<\/div>\n\t\t\t\t\t<\/div>\n\t\t<\/section>\n\t\t\t\t<\/div>","protected":false},"excerpt":{"rendered":"<p>Radisson Blu Cre\u00ebert relevante ervaringen in stijlvolle omgevingen Radisson Blu staat wereldwijd bekend om zijn stijlvolle gastvrijheid, waar elk detail telt. Met een sterke focus op comfort, verfijnde service en oog voor kwaliteit weet het merk keer op keer onvergetelijke ervaringen te cre\u00ebren. Door aandacht te besteden aan de kleine dingen die een groot verschil [&hellip;]<\/p>","protected":false},"author":8158,"featured_media":0,"parent":0,"menu_order":0,"comment_status":"closed","ping_status":"closed","template":"","meta":{"_monsterinsights_skip_tracking":false,"_monsterinsights_sitenote_active":false,"_monsterinsights_sitenote_note":"","_monsterinsights_sitenote_category":0,"footnotes":""},"class_list":["post-3236","page","type-page","status-publish","hentry"],"yoast_head":"<!-- This site is optimized with the Yoast SEO plugin v24.8.1 - https:\/\/yoast.com\/wordpress\/plugins\/seo\/ -->\n<title>Radisson Blu - Revor Group<\/title>\n<meta name=\"robots\" content=\"index, follow, max-snippet:-1, max-image-preview:large, max-video-preview:-1\" \/>\n<link rel=\"canonical\" href=\"https:\/\/www.revorgroup.com\/de\/radisson-blu\/\" \/>\n<meta property=\"og:locale\" content=\"de_DE\" \/>\n<meta property=\"og:type\" content=\"article\" \/>\n<meta property=\"og:title\" content=\"Radisson Blu - Revor Group\" \/>\n<meta property=\"og:description\" content=\"Radisson Blu Cre\u00ebert relevante ervaringen in stijlvolle omgevingen Radisson Blu staat wereldwijd bekend om zijn stijlvolle gastvrijheid, waar elk detail telt. Met een sterke focus op comfort, verfijnde service en oog voor kwaliteit weet het merk keer op keer onvergetelijke ervaringen te cre\u00ebren. Door aandacht te besteden aan de kleine dingen die een groot verschil [&hellip;]\" \/>\n<meta property=\"og:url\" content=\"https:\/\/www.revorgroup.com\/de\/radisson-blu\/\" \/>\n<meta property=\"og:site_name\" content=\"Revor Group\" \/>\n<meta property=\"article:modified_time\" content=\"2026-02-18T14:31:44+00:00\" \/>\n<meta property=\"og:image\" content=\"https:\/\/www.revorgroup.com\/wp-content\/uploads\/elementor\/thumbs\/radissonblu-1-r5jnj76fy7qb8oh28fw3u053xfvmewt2gaabaea974.jpg\" \/>\n<meta name=\"twitter:card\" content=\"summary_large_image\" \/>\n<meta name=\"twitter:label1\" content=\"Gesch\u00e4tzte Lesezeit\" \/>\n\t<meta name=\"twitter:data1\" content=\"2\u00a0Minuten\" \/>\n<script type=\"application\/ld+json\" class=\"yoast-schema-graph\">{\"@context\":\"https:\/\/schema.org\",\"@graph\":[{\"@type\":\"WebPage\",\"@id\":\"https:\/\/www.revorgroup.com\/radisson-blu\/\",\"url\":\"https:\/\/www.revorgroup.com\/radisson-blu\/\",\"name\":\"Radisson Blu - Revor Group\",\"isPartOf\":{\"@id\":\"https:\/\/revorgroup.elementor.cloud\/#website\"},\"primaryImageOfPage\":{\"@id\":\"https:\/\/www.revorgroup.com\/radisson-blu\/#primaryimage\"},\"image\":{\"@id\":\"https:\/\/www.revorgroup.com\/radisson-blu\/#primaryimage\"},\"thumbnailUrl\":\"https:\/\/www.revorgroup.com\/wp-content\/uploads\/elementor\/thumbs\/radissonblu-1-r5jnj76fy7qb8oh28fw3u053xfvmewt2gaabaea974.jpg\",\"datePublished\":\"2025-05-09T09:55:24+00:00\",\"dateModified\":\"2026-02-18T14:31:44+00:00\",\"breadcrumb\":{\"@id\":\"https:\/\/www.revorgroup.com\/radisson-blu\/#breadcrumb\"},\"inLanguage\":\"de\",\"potentialAction\":[{\"@type\":\"ReadAction\",\"target\":[\"https:\/\/www.revorgroup.com\/radisson-blu\/\"]}]},{\"@type\":\"ImageObject\",\"inLanguage\":\"de\",\"@id\":\"https:\/\/www.revorgroup.com\/radisson-blu\/#primaryimage\",\"url\":\"https:\/\/www.revorgroup.com\/wp-content\/uploads\/elementor\/thumbs\/radissonblu-1-r5jnj76fy7qb8oh28fw3u053xfvmewt2gaabaea974.jpg\",\"contentUrl\":\"https:\/\/www.revorgroup.com\/wp-content\/uploads\/elementor\/thumbs\/radissonblu-1-r5jnj76fy7qb8oh28fw3u053xfvmewt2gaabaea974.jpg\"},{\"@type\":\"BreadcrumbList\",\"@id\":\"https:\/\/www.revorgroup.com\/radisson-blu\/#breadcrumb\",\"itemListElement\":[{\"@type\":\"ListItem\",\"position\":1,\"name\":\"Home\",\"item\":\"https:\/\/www.revorgroup.com\/\"},{\"@type\":\"ListItem\",\"position\":2,\"name\":\"Radisson Blu\"}]},{\"@type\":\"WebSite\",\"@id\":\"https:\/\/revorgroup.elementor.cloud\/#website\",\"url\":\"https:\/\/revorgroup.elementor.cloud\/\",\"name\":\"Revor Group\",\"description\":\"Producent van matrassen en boxsprings.\",\"publisher\":{\"@id\":\"https:\/\/revorgroup.elementor.cloud\/#organization\"},\"potentialAction\":[{\"@type\":\"SearchAction\",\"target\":{\"@type\":\"EntryPoint\",\"urlTemplate\":\"https:\/\/revorgroup.elementor.cloud\/?s={search_term_string}\"},\"query-input\":{\"@type\":\"PropertyValueSpecification\",\"valueRequired\":true,\"valueName\":\"search_term_string\"}}],\"inLanguage\":\"de\"},{\"@type\":\"Organization\",\"@id\":\"https:\/\/revorgroup.elementor.cloud\/#organization\",\"name\":\"Revor Group\",\"url\":\"https:\/\/revorgroup.elementor.cloud\/\",\"logo\":{\"@type\":\"ImageObject\",\"inLanguage\":\"de\",\"@id\":\"https:\/\/revorgroup.elementor.cloud\/#\/schema\/logo\/image\/\",\"url\":\"https:\/\/www.revorgroup.com\/wp-content\/uploads\/2022\/08\/logo_revor_bedding_group_pos-scaled.png\",\"contentUrl\":\"https:\/\/www.revorgroup.com\/wp-content\/uploads\/2022\/08\/logo_revor_bedding_group_pos-scaled.png\",\"width\":2560,\"height\":747,\"caption\":\"Revor Group\"},\"image\":{\"@id\":\"https:\/\/revorgroup.elementor.cloud\/#\/schema\/logo\/image\/\"}}]}<\/script>\n<!-- \/ Yoast SEO plugin. -->","yoast_head_json":{"title":"Radisson Blu - Revor Group","robots":{"index":"index","follow":"follow","max-snippet":"max-snippet:-1","max-image-preview":"max-image-preview:large","max-video-preview":"max-video-preview:-1"},"canonical":"https:\/\/www.revorgroup.com\/de\/radisson-blu\/","og_locale":"de_DE","og_type":"article","og_title":"Radisson Blu - Revor Group","og_description":"Radisson Blu Cre\u00ebert relevante ervaringen in stijlvolle omgevingen Radisson Blu staat wereldwijd bekend om zijn stijlvolle gastvrijheid, waar elk detail telt. Met een sterke focus op comfort, verfijnde service en oog voor kwaliteit weet het merk keer op keer onvergetelijke ervaringen te cre\u00ebren. Door aandacht te besteden aan de kleine dingen die een groot verschil [&hellip;]","og_url":"https:\/\/www.revorgroup.com\/de\/radisson-blu\/","og_site_name":"Revor Group","article_modified_time":"2026-02-18T14:31:44+00:00","og_image":[{"url":"https:\/\/www.revorgroup.com\/wp-content\/uploads\/elementor\/thumbs\/radissonblu-1-r5jnj76fy7qb8oh28fw3u053xfvmewt2gaabaea974.jpg","type":"","width":"","height":""}],"twitter_card":"summary_large_image","twitter_misc":{"Gesch\u00e4tzte Lesezeit":"2\u00a0Minuten"},"schema":{"@context":"https:\/\/schema.org","@graph":[{"@type":"WebPage","@id":"https:\/\/www.revorgroup.com\/radisson-blu\/","url":"https:\/\/www.revorgroup.com\/radisson-blu\/","name":"Radisson Blu - Revor Group","isPartOf":{"@id":"https:\/\/revorgroup.elementor.cloud\/#website"},"primaryImageOfPage":{"@id":"https:\/\/www.revorgroup.com\/radisson-blu\/#primaryimage"},"image":{"@id":"https:\/\/www.revorgroup.com\/radisson-blu\/#primaryimage"},"thumbnailUrl":"https:\/\/www.revorgroup.com\/wp-content\/uploads\/elementor\/thumbs\/radissonblu-1-r5jnj76fy7qb8oh28fw3u053xfvmewt2gaabaea974.jpg","datePublished":"2025-05-09T09:55:24+00:00","dateModified":"2026-02-18T14:31:44+00:00","breadcrumb":{"@id":"https:\/\/www.revorgroup.com\/radisson-blu\/#breadcrumb"},"inLanguage":"de","potentialAction":[{"@type":"ReadAction","target":["https:\/\/www.revorgroup.com\/radisson-blu\/"]}]},{"@type":"ImageObject","inLanguage":"de","@id":"https:\/\/www.revorgroup.com\/radisson-blu\/#primaryimage","url":"https:\/\/www.revorgroup.com\/wp-content\/uploads\/elementor\/thumbs\/radissonblu-1-r5jnj76fy7qb8oh28fw3u053xfvmewt2gaabaea974.jpg","contentUrl":"https:\/\/www.revorgroup.com\/wp-content\/uploads\/elementor\/thumbs\/radissonblu-1-r5jnj76fy7qb8oh28fw3u053xfvmewt2gaabaea974.jpg"},{"@type":"BreadcrumbList","@id":"https:\/\/www.revorgroup.com\/radisson-blu\/#breadcrumb","itemListElement":[{"@type":"ListItem","position":1,"name":"Home","item":"https:\/\/www.revorgroup.com\/"},{"@type":"ListItem","position":2,"name":"Radisson Blu"}]},{"@type":"WebSite","@id":"https:\/\/revorgroup.elementor.cloud\/#website","url":"https:\/\/revorgroup.elementor.cloud\/","name":"Revor Group","description":"Producent van matrassen en boxsprings.","publisher":{"@id":"https:\/\/revorgroup.elementor.cloud\/#organization"},"potentialAction":[{"@type":"SearchAction","target":{"@type":"EntryPoint","urlTemplate":"https:\/\/revorgroup.elementor.cloud\/?s={search_term_string}"},"query-input":{"@type":"PropertyValueSpecification","valueRequired":true,"valueName":"search_term_string"}}],"inLanguage":"de"},{"@type":"Organization","@id":"https:\/\/revorgroup.elementor.cloud\/#organization","name":"Revor Group","url":"https:\/\/revorgroup.elementor.cloud\/","logo":{"@type":"ImageObject","inLanguage":"de","@id":"https:\/\/revorgroup.elementor.cloud\/#\/schema\/logo\/image\/","url":"https:\/\/www.revorgroup.com\/wp-content\/uploads\/2022\/08\/logo_revor_bedding_group_pos-scaled.png","contentUrl":"https:\/\/www.revorgroup.com\/wp-content\/uploads\/2022\/08\/logo_revor_bedding_group_pos-scaled.png","width":2560,"height":747,"caption":"Revor Group"},"image":{"@id":"https:\/\/revorgroup.elementor.cloud\/#\/schema\/logo\/image\/"}}]}},"_links":{"self":[{"href":"https:\/\/www.revorgroup.com\/de\/wp-json\/wp\/v2\/pages\/3236","targetHints":{"allow":["GET"]}}],"collection":[{"href":"https:\/\/www.revorgroup.com\/de\/wp-json\/wp\/v2\/pages"}],"about":[{"href":"https:\/\/www.revorgroup.com\/de\/wp-json\/wp\/v2\/types\/page"}],"author":[{"embeddable":true,"href":"https:\/\/www.revorgroup.com\/de\/wp-json\/wp\/v2\/users\/8158"}],"replies":[{"embeddable":true,"href":"https:\/\/www.revorgroup.com\/de\/wp-json\/wp\/v2\/comments?post=3236"}],"version-history":[{"count":11,"href":"https:\/\/www.revorgroup.com\/de\/wp-json\/wp\/v2\/pages\/3236\/revisions"}],"predecessor-version":[{"id":3907,"href":"https:\/\/www.revorgroup.com\/de\/wp-json\/wp\/v2\/pages\/3236\/revisions\/3907"}],"wp:attachment":[{"href":"https:\/\/www.revorgroup.com\/de\/wp-json\/wp\/v2\/media?parent=3236"}],"curies":[{"name":"wp","href":"https:\/\/api.w.org\/{rel}","templated":true}]}}