{"id":1820,"date":"2023-08-08T12:26:37","date_gmt":"2023-08-08T10:26:37","guid":{"rendered":"https:\/\/www.revorgroup.com\/?page_id=1820"},"modified":"2026-02-18T12:12:11","modified_gmt":"2026-02-18T10:12:11","slug":"andere-diensten","status":"publish","type":"page","link":"https:\/\/www.revorgroup.com\/de\/andere-diensten\/","title":{"rendered":"Sonstige"},"content":{"rendered":"<div data-elementor-type=\"wp-page\" data-elementor-id=\"1820\" class=\"elementor elementor-1820\" data-elementor-post-type=\"page\">\n\t\t\t\t\t\t<section class=\"has_eae_slider elementor-section elementor-top-section elementor-element elementor-element-a222bb7 elementor-section-boxed elementor-section-height-default elementor-section-height-default\" data-eae-slider=\"25392\" data-id=\"a222bb7\" data-element_type=\"section\" data-e-type=\"section\">\n\t\t\t\t\t\t<div class=\"elementor-container elementor-column-gap-default\">\n\t\t\t\t\t<div class=\"has_eae_slider elementor-column elementor-col-100 elementor-top-column elementor-element elementor-element-47994f7\" data-eae-slider=\"15782\" data-id=\"47994f7\" data-element_type=\"column\" data-e-type=\"column\">\n\t\t\t<div class=\"elementor-widget-wrap elementor-element-populated\">\n\t\t\t\t\t\t<div class=\"elementor-element elementor-element-6a8b4dd elementor-widget elementor-widget-heading\" data-id=\"6a8b4dd\" data-element_type=\"widget\" data-e-type=\"widget\" data-widget_type=\"heading.default\">\n\t\t\t\t<div class=\"elementor-widget-container\">\n\t\t\t\t\t<h1 class=\"elementor-heading-title elementor-size-default\">Sonstige<\/h1>\t\t\t\t<\/div>\n\t\t\t\t<\/div>\n\t\t\t\t<div class=\"elementor-element elementor-element-62979b6 elementor-widget elementor-widget-spacer\" data-id=\"62979b6\" data-element_type=\"widget\" data-e-type=\"widget\" data-widget_type=\"spacer.default\">\n\t\t\t\t<div class=\"elementor-widget-container\">\n\t\t\t\t\t\t\t<div class=\"elementor-spacer\">\n\t\t\t<div class=\"elementor-spacer-inner\"><\/div>\n\t\t<\/div>\n\t\t\t\t\t\t<\/div>\n\t\t\t\t<\/div>\n\t\t\t\t<div class=\"elementor-element elementor-element-de2e96e elementor-cta--layout-image-left elementor-cta--valign-middle elementor-cta--mobile-layout-image-above elementor-cta--skin-classic elementor-animated-content elementor-bg-transform elementor-bg-transform-zoom-in elementor-widget elementor-widget-call-to-action\" data-id=\"de2e96e\" data-element_type=\"widget\" data-e-type=\"widget\" data-widget_type=\"call-to-action.default\">\n\t\t\t\t<div class=\"elementor-widget-container\">\n\t\t\t\t\t\t\t<div class=\"elementor-cta\">\n\t\t\t\t\t<div class=\"elementor-cta__bg-wrapper\">\n\t\t\t\t<div class=\"elementor-cta__bg elementor-bg\" style=\"background-image: url(https:\/\/www.revorgroup.com\/wp-content\/uploads\/2023\/07\/IMG_9452-scaled.jpg);\" role=\"img\" aria-label=\"Het personaliseren van je matras kan bij Revor Group\"><\/div>\n\t\t\t\t<div class=\"elementor-cta__bg-overlay\"><\/div>\n\t\t\t<\/div>\n\t\t\t\t\t\t\t<div class=\"elementor-cta__content\">\n\t\t\t\t\n\t\t\t\t\t\t\t\t\t<h2 class=\"elementor-cta__title elementor-cta__content-item elementor-content-item\">\n\t\t\t\t\t\tPrivate Label\t\t\t\t\t<\/h2>\n\t\t\t\t\n\t\t\t\t\t\t\t\t\t<div class=\"elementor-cta__description elementor-cta__content-item elementor-content-item\">\n\t\t\t\t\t\tSind Sie auf der Suche nach einem zuverl\u00e4ssigen Lieferanten, der auf die Herstellung von Private-Label-Produkten spezialisiert ist? Bei der Revor Group verf\u00fcgen wir \u00fcber jahrzehntelange Erfahrung in der Entwicklung ma\u00dfgeschneiderter Schlafl\u00f6sungen.\n<br><br>\nWir verstehen, dass jedes Unternehmen einzigartig ist. Deshalb bieten wir ma\u00dfgeschneiderte L\u00f6sungen an. Ob Hotelketten, spezialisierte Schlaf-Fachh\u00e4ndler oder andere Unternehmen auf der Suche nach hochwertigen Schlafl\u00f6sungen \u2013 wir stehen bereit, Ihre Vision Wirklichkeit werden zu lassen.\t\t\t\t\t<\/div>\n\t\t\t\t\n\t\t\t\t\t\t\t\t\t<div class=\"elementor-cta__button-wrapper elementor-cta__content-item elementor-content-item\">\n\t\t\t\t\t<a class=\"elementor-cta__button elementor-button elementor-size-md\" href=\"https:\/\/www.revorgroup.com\/de\/contacteer-ons\/\">\n\t\t\t\t\t\tSchreiben Sie uns\t\t\t\t\t<\/a>\n\t\t\t\t\t<\/div>\n\t\t\t\t\t\t\t<\/div>\n\t\t\t\t\t\t<\/div>\n\t\t\t\t\t\t<\/div>\n\t\t\t\t<\/div>\n\t\t\t\t<div class=\"elementor-element elementor-element-99e6b1d elementor-cta--layout-image-right elementor-cta--valign-middle elementor-cta--mobile-layout-image-above elementor-cta--skin-classic elementor-animated-content elementor-bg-transform elementor-bg-transform-zoom-in elementor-widget elementor-widget-call-to-action\" data-id=\"99e6b1d\" data-element_type=\"widget\" data-e-type=\"widget\" data-widget_type=\"call-to-action.default\">\n\t\t\t\t<div class=\"elementor-widget-container\">\n\t\t\t\t\t\t\t<div class=\"elementor-cta\">\n\t\t\t\t\t<div class=\"elementor-cta__bg-wrapper\">\n\t\t\t\t<div class=\"elementor-cta__bg elementor-bg\" style=\"background-image: url(https:\/\/www.revorgroup.com\/wp-content\/uploads\/2023\/06\/Magazijn_02-scaled.jpg);\" role=\"img\" aria-label=\"Lagerhaus_02\"><\/div>\n\t\t\t\t<div class=\"elementor-cta__bg-overlay\"><\/div>\n\t\t\t<\/div>\n\t\t\t\t\t\t\t<div class=\"elementor-cta__content\">\n\t\t\t\t\n\t\t\t\t\t\t\t\t\t<h4 class=\"elementor-cta__title elementor-cta__content-item elementor-content-item\">\n\t\t\t\t\t\tDirektversand\t\t\t\t\t<\/h4>\n\t\t\t\t\n\t\t\t\t\t\t\t\t\t<div class=\"elementor-cta__description elementor-cta__content-item elementor-content-item\">\n\t\t\t\t\t\tBei der Revor Group wissen wir, dass der logistische Aspekt Ihres Unternehmens eine Herausforderung darstellen kann. Deshalb bieten wir ein umfassendes Dropshipping-Programm an \u2013 speziell entwickelt f\u00fcr Unternehmen, die Matratzen, Boxspringbetten und andere Schlafprodukte verkaufen m\u00f6chten. So m\u00fcssen Sie sich keine Sorgen um die logistische Abwicklung machen.\n<br><br>\nWir \u00fcbernehmen die Lagerhaltung und Logistik f\u00fcr Sie. So k\u00f6nnen Sie sich vollst\u00e4ndig auf Vertrieb und Kundenservice konzentrieren, w\u00e4hrend wir die logistischen Aufgaben f\u00fcr Sie \u00fcbernehmen.\t\t\t\t\t<\/div>\n\t\t\t\t\n\t\t\t\t\t\t\t\t\t<div class=\"elementor-cta__button-wrapper elementor-cta__content-item elementor-content-item\">\n\t\t\t\t\t<a class=\"elementor-cta__button elementor-button elementor-size-md\" href=\"https:\/\/www.revorgroup.com\/de\/contacteer-ons\/\">\n\t\t\t\t\t\tSchreiben Sie uns\t\t\t\t\t<\/a>\n\t\t\t\t\t<\/div>\n\t\t\t\t\t\t\t<\/div>\n\t\t\t\t\t\t<\/div>\n\t\t\t\t\t\t<\/div>\n\t\t\t\t<\/div>\n\t\t\t\t<div class=\"elementor-element elementor-element-696b8f7 elementor-cta--layout-image-left elementor-cta--valign-middle elementor-cta--mobile-layout-image-above elementor-cta--skin-classic elementor-animated-content elementor-bg-transform elementor-bg-transform-zoom-in elementor-widget elementor-widget-call-to-action\" data-id=\"696b8f7\" data-element_type=\"widget\" data-e-type=\"widget\" data-widget_type=\"call-to-action.default\">\n\t\t\t\t<div class=\"elementor-widget-container\">\n\t\t\t\t\t\t\t<div class=\"elementor-cta\">\n\t\t\t\t\t<div class=\"elementor-cta__bg-wrapper\">\n\t\t\t\t<div class=\"elementor-cta__bg elementor-bg\" style=\"background-image: url(https:\/\/www.revorgroup.com\/wp-content\/uploads\/2023\/06\/vrachtagen.jpg);\" role=\"img\" aria-label=\"Ladungstage\"><\/div>\n\t\t\t\t<div class=\"elementor-cta__bg-overlay\"><\/div>\n\t\t\t<\/div>\n\t\t\t\t\t\t\t<div class=\"elementor-cta__content\">\n\t\t\t\t\n\t\t\t\t\t\t\t\t\t<h4 class=\"elementor-cta__title elementor-cta__content-item elementor-content-item\">\n\t\t\t\t\t\tExport\t\t\t\t\t<\/h4>\n\t\t\t\t\n\t\t\t\t\t\t\t\t\t<div class=\"elementor-cta__description elementor-cta__content-item elementor-content-item\">\n\t\t\t\t\t\tBei der Revor Group sind wir stolz auf unsere internationale Reichweite. Unsere hochwertigen Matratzen, Boxspringbetten und weiteren Schlafl\u00f6sungen werden weltweit versendet \u2013 vom sonnigen Aruba bis ins wundersch\u00f6ne S\u00fcdafrika und viele weitere Destinationen. Unabh\u00e4ngig davon, wo Sie sich befinden, k\u00f6nnen Sie sich auf die Qualit\u00e4t und den Komfort unserer Produkte verlassen.\n\n<br><br>Wir wissen, dass guter Schlaf \u2013 unabh\u00e4ngig vom Standort \u2013 essenziell ist. Deshalb setzen wir alles daran, unsere Produkte in jeden Winkel der Welt zu liefern, damit jeder von den hochwertigen Schlafl\u00f6sungen profitieren kann, die wir anbieten. Unsere Logistikpartner sorgen f\u00fcr eine sichere und effiziente Lieferung, sodass Ihre Bestellung in einwandfreiem Zustand und termingerecht bei Ihnen ankommt.\t\t\t\t\t<\/div>\n\t\t\t\t\n\t\t\t\t\t\t\t\t\t<div class=\"elementor-cta__button-wrapper elementor-cta__content-item elementor-content-item\">\n\t\t\t\t\t<a class=\"elementor-cta__button elementor-button elementor-size-md\" href=\"https:\/\/www.revorgroup.com\/de\/contacteer-ons\/\">\n\t\t\t\t\t\tSchreiben Sie uns\t\t\t\t\t<\/a>\n\t\t\t\t\t<\/div>\n\t\t\t\t\t\t\t<\/div>\n\t\t\t\t\t\t<\/div>\n\t\t\t\t\t\t<\/div>\n\t\t\t\t<\/div>\n\t\t\t\t\t<\/div>\n\t\t<\/div>\n\t\t\t\t\t<\/div>\n\t\t<\/section>\n\t\t\t\t<\/div>","protected":false},"excerpt":{"rendered":"<p>Andere diensten Private label Bent u op zoek naar een betrouwbare leverancier die gespecialiseerd is in het produceren van Private Label producten? Bij Revor Group hebben we decennia aan ervaring in het cre\u00ebren van op maat gemaakte slaapoplossingen. Wij begrijpen dat elk bedrijf uniek is, en daarom bieden wij op maat gemaakte oplossingen. Of het [&hellip;]<\/p>","protected":false},"author":8158,"featured_media":0,"parent":0,"menu_order":0,"comment_status":"closed","ping_status":"closed","template":"","meta":{"_monsterinsights_skip_tracking":false,"_monsterinsights_sitenote_active":false,"_monsterinsights_sitenote_note":"","_monsterinsights_sitenote_category":0,"footnotes":""},"class_list":["post-1820","page","type-page","status-publish","hentry"],"yoast_head":"<!-- This site is optimized with the Yoast SEO plugin v24.8.1 - https:\/\/yoast.com\/wordpress\/plugins\/seo\/ -->\n<title>Andere diensten - Revor Group<\/title>\n<meta name=\"description\" content=\"Ontdek onze aanvullende diensten zoals private label productie, dropshipping en wereldwijde export van premium matrassen en boxsprings.\" \/>\n<meta name=\"robots\" content=\"index, follow, max-snippet:-1, max-image-preview:large, max-video-preview:-1\" \/>\n<link rel=\"canonical\" href=\"https:\/\/www.revorgroup.com\/de\/andere-diensten\/\" \/>\n<meta property=\"og:locale\" content=\"de_DE\" \/>\n<meta property=\"og:type\" content=\"article\" \/>\n<meta property=\"og:title\" content=\"Andere diensten - Revor Group\" \/>\n<meta property=\"og:description\" content=\"Ontdek onze aanvullende diensten zoals private label productie, dropshipping en wereldwijde export van premium matrassen en boxsprings.\" \/>\n<meta property=\"og:url\" content=\"https:\/\/www.revorgroup.com\/de\/andere-diensten\/\" \/>\n<meta property=\"og:site_name\" content=\"Revor Group\" \/>\n<meta property=\"article:modified_time\" content=\"2026-02-18T10:12:11+00:00\" \/>\n<meta name=\"twitter:card\" content=\"summary_large_image\" \/>\n<meta name=\"twitter:label1\" content=\"Gesch\u00e4tzte Lesezeit\" \/>\n\t<meta name=\"twitter:data1\" content=\"2\u00a0Minuten\" \/>\n<script type=\"application\/ld+json\" class=\"yoast-schema-graph\">{\"@context\":\"https:\/\/schema.org\",\"@graph\":[{\"@type\":\"WebPage\",\"@id\":\"https:\/\/www.revorgroup.com\/andere-diensten\/\",\"url\":\"https:\/\/www.revorgroup.com\/andere-diensten\/\",\"name\":\"Andere diensten - Revor Group\",\"isPartOf\":{\"@id\":\"https:\/\/revorgroup.elementor.cloud\/#website\"},\"datePublished\":\"2023-08-08T10:26:37+00:00\",\"dateModified\":\"2026-02-18T10:12:11+00:00\",\"description\":\"Ontdek onze aanvullende diensten zoals private label productie, dropshipping en wereldwijde export van premium matrassen en boxsprings.\",\"breadcrumb\":{\"@id\":\"https:\/\/www.revorgroup.com\/andere-diensten\/#breadcrumb\"},\"inLanguage\":\"de\",\"potentialAction\":[{\"@type\":\"ReadAction\",\"target\":[\"https:\/\/www.revorgroup.com\/andere-diensten\/\"]}]},{\"@type\":\"BreadcrumbList\",\"@id\":\"https:\/\/www.revorgroup.com\/andere-diensten\/#breadcrumb\",\"itemListElement\":[{\"@type\":\"ListItem\",\"position\":1,\"name\":\"Home\",\"item\":\"https:\/\/www.revorgroup.com\/\"},{\"@type\":\"ListItem\",\"position\":2,\"name\":\"Andere diensten\"}]},{\"@type\":\"WebSite\",\"@id\":\"https:\/\/revorgroup.elementor.cloud\/#website\",\"url\":\"https:\/\/revorgroup.elementor.cloud\/\",\"name\":\"Revor Group\",\"description\":\"Producent van matrassen en boxsprings.\",\"publisher\":{\"@id\":\"https:\/\/revorgroup.elementor.cloud\/#organization\"},\"potentialAction\":[{\"@type\":\"SearchAction\",\"target\":{\"@type\":\"EntryPoint\",\"urlTemplate\":\"https:\/\/revorgroup.elementor.cloud\/?s={search_term_string}\"},\"query-input\":{\"@type\":\"PropertyValueSpecification\",\"valueRequired\":true,\"valueName\":\"search_term_string\"}}],\"inLanguage\":\"de\"},{\"@type\":\"Organization\",\"@id\":\"https:\/\/revorgroup.elementor.cloud\/#organization\",\"name\":\"Revor Group\",\"url\":\"https:\/\/revorgroup.elementor.cloud\/\",\"logo\":{\"@type\":\"ImageObject\",\"inLanguage\":\"de\",\"@id\":\"https:\/\/revorgroup.elementor.cloud\/#\/schema\/logo\/image\/\",\"url\":\"https:\/\/www.revorgroup.com\/wp-content\/uploads\/2022\/08\/logo_revor_bedding_group_pos-scaled.png\",\"contentUrl\":\"https:\/\/www.revorgroup.com\/wp-content\/uploads\/2022\/08\/logo_revor_bedding_group_pos-scaled.png\",\"width\":2560,\"height\":747,\"caption\":\"Revor Group\"},\"image\":{\"@id\":\"https:\/\/revorgroup.elementor.cloud\/#\/schema\/logo\/image\/\"}}]}<\/script>\n<!-- \/ Yoast SEO plugin. -->","yoast_head_json":{"title":"Andere diensten - Revor Group","description":"Ontdek onze aanvullende diensten zoals private label productie, dropshipping en wereldwijde export van premium matrassen en boxsprings.","robots":{"index":"index","follow":"follow","max-snippet":"max-snippet:-1","max-image-preview":"max-image-preview:large","max-video-preview":"max-video-preview:-1"},"canonical":"https:\/\/www.revorgroup.com\/de\/andere-diensten\/","og_locale":"de_DE","og_type":"article","og_title":"Andere diensten - Revor Group","og_description":"Ontdek onze aanvullende diensten zoals private label productie, dropshipping en wereldwijde export van premium matrassen en boxsprings.","og_url":"https:\/\/www.revorgroup.com\/de\/andere-diensten\/","og_site_name":"Revor Group","article_modified_time":"2026-02-18T10:12:11+00:00","twitter_card":"summary_large_image","twitter_misc":{"Gesch\u00e4tzte Lesezeit":"2\u00a0Minuten"},"schema":{"@context":"https:\/\/schema.org","@graph":[{"@type":"WebPage","@id":"https:\/\/www.revorgroup.com\/andere-diensten\/","url":"https:\/\/www.revorgroup.com\/andere-diensten\/","name":"Andere diensten - Revor Group","isPartOf":{"@id":"https:\/\/revorgroup.elementor.cloud\/#website"},"datePublished":"2023-08-08T10:26:37+00:00","dateModified":"2026-02-18T10:12:11+00:00","description":"Ontdek onze aanvullende diensten zoals private label productie, dropshipping en wereldwijde export van premium matrassen en boxsprings.","breadcrumb":{"@id":"https:\/\/www.revorgroup.com\/andere-diensten\/#breadcrumb"},"inLanguage":"de","potentialAction":[{"@type":"ReadAction","target":["https:\/\/www.revorgroup.com\/andere-diensten\/"]}]},{"@type":"BreadcrumbList","@id":"https:\/\/www.revorgroup.com\/andere-diensten\/#breadcrumb","itemListElement":[{"@type":"ListItem","position":1,"name":"Home","item":"https:\/\/www.revorgroup.com\/"},{"@type":"ListItem","position":2,"name":"Andere diensten"}]},{"@type":"WebSite","@id":"https:\/\/revorgroup.elementor.cloud\/#website","url":"https:\/\/revorgroup.elementor.cloud\/","name":"Revor Group","description":"Producent van matrassen en boxsprings.","publisher":{"@id":"https:\/\/revorgroup.elementor.cloud\/#organization"},"potentialAction":[{"@type":"SearchAction","target":{"@type":"EntryPoint","urlTemplate":"https:\/\/revorgroup.elementor.cloud\/?s={search_term_string}"},"query-input":{"@type":"PropertyValueSpecification","valueRequired":true,"valueName":"search_term_string"}}],"inLanguage":"de"},{"@type":"Organization","@id":"https:\/\/revorgroup.elementor.cloud\/#organization","name":"Revor Group","url":"https:\/\/revorgroup.elementor.cloud\/","logo":{"@type":"ImageObject","inLanguage":"de","@id":"https:\/\/revorgroup.elementor.cloud\/#\/schema\/logo\/image\/","url":"https:\/\/www.revorgroup.com\/wp-content\/uploads\/2022\/08\/logo_revor_bedding_group_pos-scaled.png","contentUrl":"https:\/\/www.revorgroup.com\/wp-content\/uploads\/2022\/08\/logo_revor_bedding_group_pos-scaled.png","width":2560,"height":747,"caption":"Revor Group"},"image":{"@id":"https:\/\/revorgroup.elementor.cloud\/#\/schema\/logo\/image\/"}}]}},"_links":{"self":[{"href":"https:\/\/www.revorgroup.com\/de\/wp-json\/wp\/v2\/pages\/1820","targetHints":{"allow":["GET"]}}],"collection":[{"href":"https:\/\/www.revorgroup.com\/de\/wp-json\/wp\/v2\/pages"}],"about":[{"href":"https:\/\/www.revorgroup.com\/de\/wp-json\/wp\/v2\/types\/page"}],"author":[{"embeddable":true,"href":"https:\/\/www.revorgroup.com\/de\/wp-json\/wp\/v2\/users\/8158"}],"replies":[{"embeddable":true,"href":"https:\/\/www.revorgroup.com\/de\/wp-json\/wp\/v2\/comments?post=1820"}],"version-history":[{"count":25,"href":"https:\/\/www.revorgroup.com\/de\/wp-json\/wp\/v2\/pages\/1820\/revisions"}],"predecessor-version":[{"id":3847,"href":"https:\/\/www.revorgroup.com\/de\/wp-json\/wp\/v2\/pages\/1820\/revisions\/3847"}],"wp:attachment":[{"href":"https:\/\/www.revorgroup.com\/de\/wp-json\/wp\/v2\/media?parent=1820"}],"curies":[{"name":"wp","href":"https:\/\/api.w.org\/{rel}","templated":true}]}}