{"id":111,"date":"2022-08-23T15:12:50","date_gmt":"2022-08-23T15:12:50","guid":{"rendered":"https:\/\/www.revorgroup.com\/contact\/"},"modified":"2026-02-18T16:17:03","modified_gmt":"2026-02-18T14:17:03","slug":"contacteer-ons","status":"publish","type":"page","link":"https:\/\/www.revorgroup.com\/de\/contacteer-ons\/","title":{"rendered":"Kontakt"},"content":{"rendered":"<div data-elementor-type=\"wp-page\" data-elementor-id=\"111\" class=\"elementor elementor-111\" data-elementor-post-type=\"page\">\n\t\t\t\t\t\t<section class=\"has_eae_slider elementor-section elementor-top-section elementor-element elementor-element-0441f5b elementor-section-boxed elementor-section-height-default elementor-section-height-default\" data-eae-slider=\"6712\" data-id=\"0441f5b\" data-element_type=\"section\" data-e-type=\"section\">\n\t\t\t\t\t\t<div class=\"elementor-container elementor-column-gap-default\">\n\t\t\t\t\t<div class=\"has_eae_slider elementor-column elementor-col-100 elementor-top-column elementor-element elementor-element-8be54fe\" data-eae-slider=\"97878\" data-id=\"8be54fe\" data-element_type=\"column\" data-e-type=\"column\">\n\t\t\t<div class=\"elementor-widget-wrap elementor-element-populated\">\n\t\t\t\t\t\t<div class=\"elementor-element elementor-element-945fd85 elementor-widget elementor-widget-heading\" data-id=\"945fd85\" data-element_type=\"widget\" data-e-type=\"widget\" data-widget_type=\"heading.default\">\n\t\t\t\t<div class=\"elementor-widget-container\">\n\t\t\t\t\t<h1 class=\"elementor-heading-title elementor-size-default\">Schreiben Sie uns <br>noch heute!<\/h1>\t\t\t\t<\/div>\n\t\t\t\t<\/div>\n\t\t\t\t\t<\/div>\n\t\t<\/div>\n\t\t\t\t\t<\/div>\n\t\t<\/section>\n\t\t\t\t<section class=\"has_eae_slider elementor-section elementor-top-section elementor-element elementor-element-934cb56 elementor-section-boxed elementor-section-height-default elementor-section-height-default\" data-eae-slider=\"30216\" data-id=\"934cb56\" data-element_type=\"section\" data-e-type=\"section\">\n\t\t\t\t\t\t<div class=\"elementor-container elementor-column-gap-default\">\n\t\t\t\t\t<div class=\"has_eae_slider elementor-column elementor-col-100 elementor-top-column elementor-element elementor-element-c12f441\" data-eae-slider=\"85376\" data-id=\"c12f441\" data-element_type=\"column\" data-e-type=\"column\">\n\t\t\t<div class=\"elementor-widget-wrap elementor-element-populated\">\n\t\t\t\t\t\t<div class=\"elementor-element elementor-element-0e226e1 elementor-widget elementor-widget-text-editor\" data-id=\"0e226e1\" data-element_type=\"widget\" data-e-type=\"widget\" data-widget_type=\"text-editor.default\">\n\t\t\t\t<div class=\"elementor-widget-container\">\n\t\t\t\t\t\t\t\t\t<p>Suchen Sie nach ultimativem Schlafkomfort in Kombination mit stilvollem Design f\u00fcr Ihre Kunden? <br \/>Dann vereinbaren Sie einen <strong>Termin in unserem Showroom.<\/strong> Dieser ist ausschlie\u00dflich f\u00fcr Gesch\u00e4ftskunden<\/p><p><strong>Telefon:\u00a0<\/strong><a style=\"font-family: var( --e-global-typography-text-font-family ), Sans-serif; font-size: var( --e-global-typography-text-font-size ); font-style: var( --e-global-typography-text-font-style ); font-weight: var( --e-global-typography-text-font-weight ); letter-spacing: var( --e-global-typography-text-letter-spacing ); text-transform: var( --e-global-typography-text-text-transform ); background-color: #ffffff;\" href=\"http:\/\/callto:056541200\" target=\"_blank\" rel=\"noopener\">056 54 12 00\u00a0 \u00a0<\/a><strong>I\u00a0 \u00a0Email: <\/strong><a style=\"font-family: var( --e-global-typography-text-font-family ), Sans-serif; font-size: var( --e-global-typography-text-font-size ); font-style: var( --e-global-typography-text-font-style ); font-weight: var( --e-global-typography-text-font-weight ); letter-spacing: var( --e-global-typography-text-letter-spacing ); text-transform: var( --e-global-typography-text-text-transform ); background-color: #ffffff;\" href=\"mailto:info@revorgroup.com\" target=\"_blank\" rel=\"noopener\">info@revorgroup.com<\/a><\/p>\t\t\t\t\t\t\t\t<\/div>\n\t\t\t\t<\/div>\n\t\t\t\t\t<\/div>\n\t\t<\/div>\n\t\t\t\t\t<\/div>\n\t\t<\/section>\n\t\t\t\t<section class=\"has_eae_slider elementor-section elementor-top-section elementor-element elementor-element-01bf1d6 elementor-section-boxed elementor-section-height-default elementor-section-height-default\" data-eae-slider=\"63875\" data-id=\"01bf1d6\" data-element_type=\"section\" data-e-type=\"section\">\n\t\t\t\t\t\t<div class=\"elementor-container elementor-column-gap-default\">\n\t\t\t\t\t<div class=\"has_eae_slider elementor-column elementor-col-50 elementor-top-column elementor-element elementor-element-8ac6be3\" data-eae-slider=\"44975\" data-id=\"8ac6be3\" data-element_type=\"column\" data-e-type=\"column\">\n\t\t\t<div class=\"elementor-widget-wrap elementor-element-populated\">\n\t\t\t\t\t\t<div class=\"elementor-element elementor-element-68a0f12 elementor-widget elementor-widget-google_maps\" data-id=\"68a0f12\" data-element_type=\"widget\" data-e-type=\"widget\" data-widget_type=\"google_maps.default\">\n\t\t\t\t<div class=\"elementor-widget-container\">\n\t\t\t\t\t\t\t<div class=\"elementor-custom-embed\">\n\t\t\t<iframe loading=\"lazy\"\n\t\t\t\t\tsrc=\"https:\/\/maps.google.com\/maps?q=Noordlaan%202%2C%208520%20Kuurne&#038;t=m&#038;z=10&#038;output=embed&#038;iwloc=near\"\n\t\t\t\t\ttitle=\"Noordlaan 2, BE-8520 Kuurne\"\n\t\t\t\t\taria-label=\"Noordlaan 2, BE-8520 Kuurne\"\n\t\t\t><\/iframe>\n\t\t<\/div>\n\t\t\t\t\t\t<\/div>\n\t\t\t\t<\/div>\n\t\t\t\t\t<\/div>\n\t\t<\/div>\n\t\t\t\t<div class=\"has_eae_slider elementor-column elementor-col-50 elementor-top-column elementor-element elementor-element-f0e76b4\" data-eae-slider=\"89272\" data-id=\"f0e76b4\" data-element_type=\"column\" data-e-type=\"column\">\n\t\t\t<div class=\"elementor-widget-wrap elementor-element-populated\">\n\t\t\t\t\t\t<div class=\"elementor-element elementor-element-dba369b elementor-widget elementor-widget-text-editor\" data-id=\"dba369b\" data-element_type=\"widget\" data-e-type=\"widget\" data-widget_type=\"text-editor.default\">\n\t\t\t\t<div class=\"elementor-widget-container\">\n\t\t\t\t\t\t\t\t\t<p>F\u00fcllen Sie das nachstehende Formular aus und wir werden uns so bald wie m\u00f6glich mit Ihnen in Verbindung setzen.<\/p>\t\t\t\t\t\t\t\t<\/div>\n\t\t\t\t<\/div>\n\t\t\t\t<div class=\"elementor-element elementor-element-77f298fa elementor-button-align-start elementor-widget elementor-widget-form\" data-id=\"77f298fa\" data-element_type=\"widget\" data-e-type=\"widget\" data-settings=\"{&quot;step_next_label&quot;:&quot;Next&quot;,&quot;step_previous_label&quot;:&quot;Previous&quot;,&quot;button_width&quot;:&quot;100&quot;,&quot;step_type&quot;:&quot;number_text&quot;,&quot;step_icon_shape&quot;:&quot;circle&quot;}\" data-widget_type=\"form.default\">\n\t\t\t\t<div class=\"elementor-widget-container\">\n\t\t\t\t\t\t\t<form class=\"elementor-form\" method=\"post\" name=\"Contact Form\" aria-label=\"Contact Form\" action=\"\">\n\t\t\t<input type=\"hidden\" name=\"post_id\" value=\"111\"\/>\n\t\t\t<input type=\"hidden\" name=\"form_id\" value=\"77f298fa\"\/>\n\t\t\t<input type=\"hidden\" name=\"referer_title\" value=\"Contact - Revor Group\" \/>\n\n\t\t\t\t\t\t\t<input type=\"hidden\" name=\"queried_id\" value=\"111\"\/>\n\t\t\t\n\t\t\t<div class=\"elementor-form-fields-wrapper elementor-labels-\">\n\t\t\t\t\t\t\t\t<div class=\"elementor-field-type-text elementor-field-group elementor-column elementor-field-group-name elementor-col-50\">\n\t\t\t\t\t\t\t\t\t\t\t\t<label for=\"form-field-name\" class=\"elementor-field-label elementor-screen-only\">\n\t\t\t\t\t\t\t\tName\t\t\t\t\t\t\t<\/label>\n\t\t\t\t\t\t\t\t\t\t\t\t\t\t<input size=\"1\" type=\"text\" name=\"form_fields[name]\" id=\"form-field-name\" class=\"elementor-field elementor-size-sm  elementor-field-textual\" placeholder=\"Name\">\n\t\t\t\t\t\t\t\t\t\t\t<\/div>\n\t\t\t\t\t\t\t\t<div class=\"elementor-field-type-email elementor-field-group elementor-column elementor-field-group-email elementor-col-50 elementor-field-required\">\n\t\t\t\t\t\t\t\t\t\t\t\t<label for=\"form-field-email\" class=\"elementor-field-label elementor-screen-only\">\n\t\t\t\t\t\t\t\tE-Mail\t\t\t\t\t\t\t<\/label>\n\t\t\t\t\t\t\t\t\t\t\t\t\t\t<input size=\"1\" type=\"email\" name=\"form_fields[email]\" id=\"form-field-email\" class=\"elementor-field elementor-size-sm  elementor-field-textual\" placeholder=\"E-Mail\" required=\"required\">\n\t\t\t\t\t\t\t\t\t\t\t<\/div>\n\t\t\t\t\t\t\t\t<div class=\"elementor-field-type-text elementor-field-group elementor-column elementor-field-group-field_f634c8a elementor-col-100\">\n\t\t\t\t\t\t\t\t\t\t\t\t<label for=\"form-field-field_f634c8a\" class=\"elementor-field-label elementor-screen-only\">\n\t\t\t\t\t\t\t\tIhr Unternehmen\t\t\t\t\t\t\t<\/label>\n\t\t\t\t\t\t\t\t\t\t\t\t\t\t<input size=\"1\" type=\"text\" name=\"form_fields[field_f634c8a]\" id=\"form-field-field_f634c8a\" class=\"elementor-field elementor-size-sm  elementor-field-textual\" placeholder=\"Ihr Unternehmen\">\n\t\t\t\t\t\t\t\t\t\t\t<\/div>\n\t\t\t\t\t\t\t\t<div class=\"elementor-field-type-tel elementor-field-group elementor-column elementor-field-group-field_6c180a9 elementor-col-50 elementor-field-required\">\n\t\t\t\t\t\t\t\t\t\t\t\t<label for=\"form-field-field_6c180a9\" class=\"elementor-field-label elementor-screen-only\">\n\t\t\t\t\t\t\t\tTelefon\t\t\t\t\t\t\t<\/label>\n\t\t\t\t\t\t\t\t<input size=\"1\" type=\"tel\" name=\"form_fields[field_6c180a9]\" id=\"form-field-field_6c180a9\" class=\"elementor-field elementor-size-sm  elementor-field-textual\" placeholder=\"Telefon\" required=\"required\" pattern=\"[0-9()#&amp;+*-=.]+\" title=\"Alleen getallen en telefoontekens (#, -, *, enz.) worden geaccepteerd.\">\n\n\t\t\t\t\t\t<\/div>\n\t\t\t\t\t\t\t\t<div class=\"elementor-field-type-text elementor-field-group elementor-column elementor-field-group-field_b743cd7 elementor-col-50 elementor-field-required\">\n\t\t\t\t\t\t\t\t\t\t\t\t<label for=\"form-field-field_b743cd7\" class=\"elementor-field-label elementor-screen-only\">\n\t\t\t\t\t\t\t\tThema\t\t\t\t\t\t\t<\/label>\n\t\t\t\t\t\t\t\t\t\t\t\t\t\t<input size=\"1\" type=\"text\" name=\"form_fields[field_b743cd7]\" id=\"form-field-field_b743cd7\" class=\"elementor-field elementor-size-sm  elementor-field-textual\" placeholder=\"Thema\" required=\"required\">\n\t\t\t\t\t\t\t\t\t\t\t<\/div>\n\t\t\t\t\t\t\t\t<div class=\"elementor-field-type-textarea elementor-field-group elementor-column elementor-field-group-message elementor-col-100\">\n\t\t\t\t\t\t\t\t\t\t\t\t<label for=\"form-field-message\" class=\"elementor-field-label elementor-screen-only\">\n\t\t\t\t\t\t\t\tNachricht\t\t\t\t\t\t\t<\/label>\n\t\t\t\t\t\t<textarea class=\"elementor-field-textual elementor-field  elementor-size-sm\" name=\"form_fields[message]\" id=\"form-field-message\" rows=\"6\" placeholder=\"Nachricht\"><\/textarea>\t\t\t\t<\/div>\n\t\t\t\t\t\t\t\t<div class=\"elementor-field-group elementor-column elementor-field-type-submit elementor-col-100 e-form__buttons\">\n\t\t\t\t\t<button class=\"elementor-button elementor-size-sm\" type=\"submit\">\n\t\t\t\t\t\t<span class=\"elementor-button-content-wrapper\">\n\t\t\t\t\t\t\t\t\t\t\t\t\t\t\t\t\t\t\t\t\t\t<span class=\"elementor-button-text\">Nachricht senden<\/span>\n\t\t\t\t\t\t\t\t\t\t\t\t\t<\/span>\n\t\t\t\t\t<\/button>\n\t\t\t\t<\/div>\n\t\t\t<\/div>\n\t\t<input type=\"hidden\" name=\"trp-form-language\" value=\"de\"\/><\/form>\n\t\t\t\t\t\t<\/div>\n\t\t\t\t<\/div>\n\t\t\t\t\t<\/div>\n\t\t<\/div>\n\t\t\t\t\t<\/div>\n\t\t<\/section>\n\t\t\t\t<\/div>","protected":false},"excerpt":{"rendered":"<p>Contacteer ons vandaag nog Bent u op zoek naar ultiem slaapcomfort in combinatie met een stijlvol design voor uw klanten? Maak dan een afspraak in onze showroom. Deze is uitsluitend toegankelijk voor professionele klanten. Telefoon:\u00a0056 54 12 00\u00a0 \u00a0I\u00a0 \u00a0Email: info@revorgroup.com Vul onderstaand formulier in en wij nemen zo snel mogelijk contact met u op.<\/p>","protected":false},"author":8157,"featured_media":115,"parent":0,"menu_order":0,"comment_status":"closed","ping_status":"closed","template":"elementor_header_footer","meta":{"_monsterinsights_skip_tracking":false,"_monsterinsights_sitenote_active":false,"_monsterinsights_sitenote_note":"","_monsterinsights_sitenote_category":0,"footnotes":""},"class_list":["post-111","page","type-page","status-publish","has-post-thumbnail","hentry"],"yoast_head":"<!-- This site is optimized with the Yoast SEO plugin v24.8.1 - https:\/\/yoast.com\/wordpress\/plugins\/seo\/ -->\n<title>Contact - Revor Group<\/title>\n<meta name=\"description\" content=\"Neem contact op met Revor Group voor vragen of informatie over onze producten en diensten. Wij staan klaar om u te helpen!\" \/>\n<meta name=\"robots\" content=\"index, follow, max-snippet:-1, max-image-preview:large, max-video-preview:-1\" \/>\n<link rel=\"canonical\" href=\"https:\/\/www.revorgroup.com\/de\/contacteer-ons\/\" \/>\n<meta property=\"og:locale\" content=\"de_DE\" \/>\n<meta property=\"og:type\" content=\"article\" \/>\n<meta property=\"og:title\" content=\"Contact - Revor Group\" \/>\n<meta property=\"og:description\" content=\"Neem contact op met Revor Group voor vragen of informatie over onze producten en diensten. Wij staan klaar om u te helpen!\" \/>\n<meta property=\"og:url\" content=\"https:\/\/www.revorgroup.com\/de\/contacteer-ons\/\" \/>\n<meta property=\"og:site_name\" content=\"Revor Group\" \/>\n<meta property=\"article:modified_time\" content=\"2026-02-18T14:17:03+00:00\" \/>\n<meta property=\"og:image\" content=\"https:\/\/www.revorgroup.com\/wp-content\/uploads\/2022\/08\/Contact-US-400_380.jpg\" \/>\n\t<meta property=\"og:image:width\" content=\"400\" \/>\n\t<meta property=\"og:image:height\" content=\"380\" \/>\n\t<meta property=\"og:image:type\" content=\"image\/jpeg\" \/>\n<meta name=\"twitter:card\" content=\"summary_large_image\" \/>\n<meta name=\"twitter:label1\" content=\"Gesch\u00e4tzte Lesezeit\" \/>\n\t<meta name=\"twitter:data1\" content=\"1\u00a0Minute\" \/>\n<script type=\"application\/ld+json\" class=\"yoast-schema-graph\">{\"@context\":\"https:\/\/schema.org\",\"@graph\":[{\"@type\":\"WebPage\",\"@id\":\"https:\/\/www.revorgroup.com\/contacteer-ons\/\",\"url\":\"https:\/\/www.revorgroup.com\/contacteer-ons\/\",\"name\":\"Contact - Revor Group\",\"isPartOf\":{\"@id\":\"https:\/\/revorgroup.elementor.cloud\/#website\"},\"primaryImageOfPage\":{\"@id\":\"https:\/\/www.revorgroup.com\/contacteer-ons\/#primaryimage\"},\"image\":{\"@id\":\"https:\/\/www.revorgroup.com\/contacteer-ons\/#primaryimage\"},\"thumbnailUrl\":\"https:\/\/www.revorgroup.com\/wp-content\/uploads\/2022\/08\/Contact-US-400_380.jpg\",\"datePublished\":\"2022-08-23T15:12:50+00:00\",\"dateModified\":\"2026-02-18T14:17:03+00:00\",\"description\":\"Neem contact op met Revor Group voor vragen of informatie over onze producten en diensten. Wij staan klaar om u te helpen!\",\"breadcrumb\":{\"@id\":\"https:\/\/www.revorgroup.com\/contacteer-ons\/#breadcrumb\"},\"inLanguage\":\"de\",\"potentialAction\":[{\"@type\":\"ReadAction\",\"target\":[\"https:\/\/www.revorgroup.com\/contacteer-ons\/\"]}]},{\"@type\":\"ImageObject\",\"inLanguage\":\"de\",\"@id\":\"https:\/\/www.revorgroup.com\/contacteer-ons\/#primaryimage\",\"url\":\"https:\/\/www.revorgroup.com\/wp-content\/uploads\/2022\/08\/Contact-US-400_380.jpg\",\"contentUrl\":\"https:\/\/www.revorgroup.com\/wp-content\/uploads\/2022\/08\/Contact-US-400_380.jpg\",\"width\":400,\"height\":380},{\"@type\":\"BreadcrumbList\",\"@id\":\"https:\/\/www.revorgroup.com\/contacteer-ons\/#breadcrumb\",\"itemListElement\":[{\"@type\":\"ListItem\",\"position\":1,\"name\":\"Home\",\"item\":\"https:\/\/www.revorgroup.com\/\"},{\"@type\":\"ListItem\",\"position\":2,\"name\":\"Contact\"}]},{\"@type\":\"WebSite\",\"@id\":\"https:\/\/revorgroup.elementor.cloud\/#website\",\"url\":\"https:\/\/revorgroup.elementor.cloud\/\",\"name\":\"Revor Group\",\"description\":\"Producent van matrassen en boxsprings.\",\"publisher\":{\"@id\":\"https:\/\/revorgroup.elementor.cloud\/#organization\"},\"potentialAction\":[{\"@type\":\"SearchAction\",\"target\":{\"@type\":\"EntryPoint\",\"urlTemplate\":\"https:\/\/revorgroup.elementor.cloud\/?s={search_term_string}\"},\"query-input\":{\"@type\":\"PropertyValueSpecification\",\"valueRequired\":true,\"valueName\":\"search_term_string\"}}],\"inLanguage\":\"de\"},{\"@type\":\"Organization\",\"@id\":\"https:\/\/revorgroup.elementor.cloud\/#organization\",\"name\":\"Revor Group\",\"url\":\"https:\/\/revorgroup.elementor.cloud\/\",\"logo\":{\"@type\":\"ImageObject\",\"inLanguage\":\"de\",\"@id\":\"https:\/\/revorgroup.elementor.cloud\/#\/schema\/logo\/image\/\",\"url\":\"https:\/\/www.revorgroup.com\/wp-content\/uploads\/2022\/08\/logo_revor_bedding_group_pos-scaled.png\",\"contentUrl\":\"https:\/\/www.revorgroup.com\/wp-content\/uploads\/2022\/08\/logo_revor_bedding_group_pos-scaled.png\",\"width\":2560,\"height\":747,\"caption\":\"Revor Group\"},\"image\":{\"@id\":\"https:\/\/revorgroup.elementor.cloud\/#\/schema\/logo\/image\/\"}}]}<\/script>\n<!-- \/ Yoast SEO plugin. -->","yoast_head_json":{"title":"Contact - Revor Group","description":"Neem contact op met Revor Group voor vragen of informatie over onze producten en diensten. Wij staan klaar om u te helpen!","robots":{"index":"index","follow":"follow","max-snippet":"max-snippet:-1","max-image-preview":"max-image-preview:large","max-video-preview":"max-video-preview:-1"},"canonical":"https:\/\/www.revorgroup.com\/de\/contacteer-ons\/","og_locale":"de_DE","og_type":"article","og_title":"Contact - Revor Group","og_description":"Neem contact op met Revor Group voor vragen of informatie over onze producten en diensten. Wij staan klaar om u te helpen!","og_url":"https:\/\/www.revorgroup.com\/de\/contacteer-ons\/","og_site_name":"Revor Group","article_modified_time":"2026-02-18T14:17:03+00:00","og_image":[{"width":400,"height":380,"url":"https:\/\/www.revorgroup.com\/wp-content\/uploads\/2022\/08\/Contact-US-400_380.jpg","type":"image\/jpeg"}],"twitter_card":"summary_large_image","twitter_misc":{"Gesch\u00e4tzte Lesezeit":"1\u00a0Minute"},"schema":{"@context":"https:\/\/schema.org","@graph":[{"@type":"WebPage","@id":"https:\/\/www.revorgroup.com\/contacteer-ons\/","url":"https:\/\/www.revorgroup.com\/contacteer-ons\/","name":"Contact - Revor Group","isPartOf":{"@id":"https:\/\/revorgroup.elementor.cloud\/#website"},"primaryImageOfPage":{"@id":"https:\/\/www.revorgroup.com\/contacteer-ons\/#primaryimage"},"image":{"@id":"https:\/\/www.revorgroup.com\/contacteer-ons\/#primaryimage"},"thumbnailUrl":"https:\/\/www.revorgroup.com\/wp-content\/uploads\/2022\/08\/Contact-US-400_380.jpg","datePublished":"2022-08-23T15:12:50+00:00","dateModified":"2026-02-18T14:17:03+00:00","description":"Neem contact op met Revor Group voor vragen of informatie over onze producten en diensten. Wij staan klaar om u te helpen!","breadcrumb":{"@id":"https:\/\/www.revorgroup.com\/contacteer-ons\/#breadcrumb"},"inLanguage":"de","potentialAction":[{"@type":"ReadAction","target":["https:\/\/www.revorgroup.com\/contacteer-ons\/"]}]},{"@type":"ImageObject","inLanguage":"de","@id":"https:\/\/www.revorgroup.com\/contacteer-ons\/#primaryimage","url":"https:\/\/www.revorgroup.com\/wp-content\/uploads\/2022\/08\/Contact-US-400_380.jpg","contentUrl":"https:\/\/www.revorgroup.com\/wp-content\/uploads\/2022\/08\/Contact-US-400_380.jpg","width":400,"height":380},{"@type":"BreadcrumbList","@id":"https:\/\/www.revorgroup.com\/contacteer-ons\/#breadcrumb","itemListElement":[{"@type":"ListItem","position":1,"name":"Home","item":"https:\/\/www.revorgroup.com\/"},{"@type":"ListItem","position":2,"name":"Contact"}]},{"@type":"WebSite","@id":"https:\/\/revorgroup.elementor.cloud\/#website","url":"https:\/\/revorgroup.elementor.cloud\/","name":"Revor Group","description":"Producent van matrassen en boxsprings.","publisher":{"@id":"https:\/\/revorgroup.elementor.cloud\/#organization"},"potentialAction":[{"@type":"SearchAction","target":{"@type":"EntryPoint","urlTemplate":"https:\/\/revorgroup.elementor.cloud\/?s={search_term_string}"},"query-input":{"@type":"PropertyValueSpecification","valueRequired":true,"valueName":"search_term_string"}}],"inLanguage":"de"},{"@type":"Organization","@id":"https:\/\/revorgroup.elementor.cloud\/#organization","name":"Revor Group","url":"https:\/\/revorgroup.elementor.cloud\/","logo":{"@type":"ImageObject","inLanguage":"de","@id":"https:\/\/revorgroup.elementor.cloud\/#\/schema\/logo\/image\/","url":"https:\/\/www.revorgroup.com\/wp-content\/uploads\/2022\/08\/logo_revor_bedding_group_pos-scaled.png","contentUrl":"https:\/\/www.revorgroup.com\/wp-content\/uploads\/2022\/08\/logo_revor_bedding_group_pos-scaled.png","width":2560,"height":747,"caption":"Revor Group"},"image":{"@id":"https:\/\/revorgroup.elementor.cloud\/#\/schema\/logo\/image\/"}}]}},"_links":{"self":[{"href":"https:\/\/www.revorgroup.com\/de\/wp-json\/wp\/v2\/pages\/111","targetHints":{"allow":["GET"]}}],"collection":[{"href":"https:\/\/www.revorgroup.com\/de\/wp-json\/wp\/v2\/pages"}],"about":[{"href":"https:\/\/www.revorgroup.com\/de\/wp-json\/wp\/v2\/types\/page"}],"author":[{"embeddable":true,"href":"https:\/\/www.revorgroup.com\/de\/wp-json\/wp\/v2\/users\/8157"}],"replies":[{"embeddable":true,"href":"https:\/\/www.revorgroup.com\/de\/wp-json\/wp\/v2\/comments?post=111"}],"version-history":[{"count":25,"href":"https:\/\/www.revorgroup.com\/de\/wp-json\/wp\/v2\/pages\/111\/revisions"}],"predecessor-version":[{"id":3894,"href":"https:\/\/www.revorgroup.com\/de\/wp-json\/wp\/v2\/pages\/111\/revisions\/3894"}],"wp:featuredmedia":[{"embeddable":true,"href":"https:\/\/www.revorgroup.com\/de\/wp-json\/wp\/v2\/media\/115"}],"wp:attachment":[{"href":"https:\/\/www.revorgroup.com\/de\/wp-json\/wp\/v2\/media?parent=111"}],"curies":[{"name":"wp","href":"https:\/\/api.w.org\/{rel}","templated":true}]}}