{"id":100,"date":"2022-08-23T15:12:44","date_gmt":"2022-08-23T15:12:44","guid":{"rendered":"https:\/\/www.revorgroup.com\/services\/"},"modified":"2026-02-18T12:09:20","modified_gmt":"2026-02-18T10:09:20","slug":"onze-diensten","status":"publish","type":"page","link":"https:\/\/www.revorgroup.com\/de\/onze-diensten\/","title":{"rendered":"Unser Sortiment"},"content":{"rendered":"<div data-elementor-type=\"wp-page\" data-elementor-id=\"100\" class=\"elementor elementor-100\" data-elementor-post-type=\"page\">\n\t\t\t\t\t\t<section class=\"has_eae_slider elementor-section elementor-top-section elementor-element elementor-element-d9f395c elementor-section-boxed elementor-section-height-default elementor-section-height-default\" data-eae-slider=\"50936\" data-id=\"d9f395c\" data-element_type=\"section\" data-e-type=\"section\">\n\t\t\t\t\t\t<div class=\"elementor-container elementor-column-gap-default\">\n\t\t\t\t\t<div class=\"has_eae_slider elementor-column elementor-col-50 elementor-top-column elementor-element elementor-element-ffc1b31\" data-eae-slider=\"74085\" data-id=\"ffc1b31\" data-element_type=\"column\" data-e-type=\"column\">\n\t\t\t<div class=\"elementor-widget-wrap elementor-element-populated\">\n\t\t\t\t\t\t<div class=\"elementor-element elementor-element-17b6f60c elementor-widget elementor-widget-heading\" data-id=\"17b6f60c\" data-element_type=\"widget\" data-e-type=\"widget\" data-widget_type=\"heading.default\">\n\t\t\t\t<div class=\"elementor-widget-container\">\n\t\t\t\t\t<h1 class=\"elementor-heading-title elementor-size-default\">Unsere Kollektionen<\/h1>\t\t\t\t<\/div>\n\t\t\t\t<\/div>\n\t\t\t\t\t<\/div>\n\t\t<\/div>\n\t\t\t\t<div class=\"has_eae_slider elementor-column elementor-col-50 elementor-top-column elementor-element elementor-element-d44bf15\" data-eae-slider=\"96279\" data-id=\"d44bf15\" data-element_type=\"column\" data-e-type=\"column\">\n\t\t\t<div class=\"elementor-widget-wrap elementor-element-populated\">\n\t\t\t\t\t\t<div class=\"elementor-element elementor-element-649779b3 elementor-widget elementor-widget-text-editor\" data-id=\"649779b3\" data-element_type=\"widget\" data-e-type=\"widget\" data-widget_type=\"text-editor.default\">\n\t\t\t\t<div class=\"elementor-widget-container\">\n\t\t\t\t\t\t\t\t\t<p>Die Revor Group hat verschiedene Kollektionen, die unterschiedlichste Markt- und Kundenbed\u00fcrfnisse erf\u00fcllen. \nWir liefern hochwertige Schlafsysteme an den Einzelhandel, arbeiten im Objektbereich mit Hotels, Resorts usw. zusammen und entwickeln spezielle Schlafl\u00f6sungen f\u00fcr Kunden in der medizinischen Branche und im Pflegebereich. Au\u00dferdem bieten wir auch die Fertigung von Private-Label-Produkten an erm\u00f6glichen den Direktversand ab unserem Werk.<\/p><p><strong>Entdecken Sie unten unsere verschiedenen Kollektionen innerhalb der Revor Group.\u00a0<\/strong><\/p>\t\t\t\t\t\t\t\t<\/div>\n\t\t\t\t<\/div>\n\t\t\t\t\t<\/div>\n\t\t<\/div>\n\t\t\t\t\t<\/div>\n\t\t<\/section>\n\t\t\t\t<section class=\"has_eae_slider elementor-section elementor-top-section elementor-element elementor-element-3c4103cc elementor-section-boxed elementor-section-height-default elementor-section-height-default\" data-eae-slider=\"64231\" data-id=\"3c4103cc\" data-element_type=\"section\" data-e-type=\"section\" data-settings=\"{&quot;animation&quot;:&quot;none&quot;}\">\n\t\t\t\t\t\t<div class=\"elementor-container elementor-column-gap-no\">\n\t\t\t\t\t<div class=\"has_eae_slider elementor-column elementor-col-100 elementor-top-column elementor-element elementor-element-540f4220\" data-eae-slider=\"78336\" data-id=\"540f4220\" data-element_type=\"column\" data-e-type=\"column\">\n\t\t\t<div class=\"elementor-widget-wrap elementor-element-populated\">\n\t\t\t\t\t\t<div class=\"elementor-element elementor-element-5bc6bd83 elementor-cta--layout-image-right elementor-cta--valign-middle elementor-cta--mobile-layout-image-above elementor-cta--skin-classic elementor-animated-content elementor-bg-transform elementor-bg-transform-zoom-in elementor-widget elementor-widget-call-to-action\" data-id=\"5bc6bd83\" data-element_type=\"widget\" data-e-type=\"widget\" id=\"service_1\" data-widget_type=\"call-to-action.default\">\n\t\t\t\t<div class=\"elementor-widget-container\">\n\t\t\t\t\t\t\t<a class=\"elementor-cta\" href=\"https:\/\/www.revorgroup.com\/de\/onze-diensten\/retail\/\">\n\t\t\t\t\t<div class=\"elementor-cta__bg-wrapper\">\n\t\t\t\t<div class=\"elementor-cta__bg elementor-bg\" style=\"background-image: url(https:\/\/www.revorgroup.com\/wp-content\/uploads\/2026\/02\/showroom_4-scaled.jpg);\" role=\"img\" aria-label=\"showroom_4\"><\/div>\n\t\t\t\t<div class=\"elementor-cta__bg-overlay\"><\/div>\n\t\t\t<\/div>\n\t\t\t\t\t\t\t<div class=\"elementor-cta__content\">\n\t\t\t\t\n\t\t\t\t\t\t\t\t\t<h4 class=\"elementor-cta__title elementor-cta__content-item elementor-content-item\">\n\t\t\t\t\t\tSchlaf- und M\u00f6belgesch\u00e4ft\t\t\t\t\t<\/h4>\n\t\t\t\t\n\t\t\t\t\t\t\t\t\t<div class=\"elementor-cta__description elementor-cta__content-item elementor-content-item\">\n\t\t\t\t\t\tAuf der Suche nach einer hochwertigen Kollektion f\u00fcr Ihr Gesch\u00e4ft? Bei Revor Group w\u00e4hlen Sie aus drei f\u00fchrenden Marken.\t\t\t\t\t<\/div>\n\t\t\t\t\n\t\t\t\t\t\t\t\t\t<div class=\"elementor-cta__button-wrapper elementor-cta__content-item elementor-content-item\">\n\t\t\t\t\t<span class=\"elementor-cta__button elementor-button elementor-size-\">\n\t\t\t\t\t\tEntdecken Sie unsere Marken\t\t\t\t\t<\/span>\n\t\t\t\t\t<\/div>\n\t\t\t\t\t\t\t<\/div>\n\t\t\t\t\t\t<\/a>\n\t\t\t\t\t\t<\/div>\n\t\t\t\t<\/div>\n\t\t\t\t<div class=\"elementor-element elementor-element-5b69557e elementor-cta--layout-image-left elementor-cta--valign-middle elementor-cta--mobile-layout-image-above elementor-cta--skin-classic elementor-animated-content elementor-bg-transform elementor-bg-transform-zoom-in elementor-widget elementor-widget-call-to-action\" data-id=\"5b69557e\" data-element_type=\"widget\" data-e-type=\"widget\" id=\"service_2\" data-widget_type=\"call-to-action.default\">\n\t\t\t\t<div class=\"elementor-widget-container\">\n\t\t\t\t\t\t\t<a class=\"elementor-cta\" href=\"https:\/\/www.revorgroup.com\/de\/hospitality\/\">\n\t\t\t\t\t<div class=\"elementor-cta__bg-wrapper\">\n\t\t\t\t<div class=\"elementor-cta__bg elementor-bg\" style=\"background-image: url(https:\/\/www.revorgroup.com\/wp-content\/uploads\/2023\/06\/Dienst_04.jpg);\" role=\"img\" aria-label=\"Dienst_04\"><\/div>\n\t\t\t\t<div class=\"elementor-cta__bg-overlay\"><\/div>\n\t\t\t<\/div>\n\t\t\t\t\t\t\t<div class=\"elementor-cta__content\">\n\t\t\t\t\n\t\t\t\t\t\t\t\t\t<h4 class=\"elementor-cta__title elementor-cta__content-item elementor-content-item\">\n\t\t\t\t\t\tHotel, Ferienhaus oder B&amp;B\t\t\t\t\t<\/h4>\n\t\t\t\t\n\t\t\t\t\t\t\t\t\t<div class=\"elementor-cta__description elementor-cta__content-item elementor-content-item\">\n\t\t\t\t\t\tMit unserer Contract-Kollektion bieten wir ma\u00dfgeschneiderte L\u00f6sungen f\u00fcr Hotels, Ferienh\u00e4user, B&amp;Bs und verschiedene andere Projekte.\t\t\t\t\t<\/div>\n\t\t\t\t\n\t\t\t\t\t\t\t\t\t<div class=\"elementor-cta__button-wrapper elementor-cta__content-item elementor-content-item\">\n\t\t\t\t\t<span class=\"elementor-cta__button elementor-button elementor-size-\">\n\t\t\t\t\t\tKollektion ansehen\t\t\t\t\t<\/span>\n\t\t\t\t\t<\/div>\n\t\t\t\t\t\t\t<\/div>\n\t\t\t\t\t\t<\/a>\n\t\t\t\t\t\t<\/div>\n\t\t\t\t<\/div>\n\t\t\t\t<div class=\"elementor-element elementor-element-1166f76 elementor-cta--layout-image-right elementor-cta--valign-middle elementor-cta--mobile-layout-image-above elementor-cta--skin-classic elementor-animated-content elementor-bg-transform elementor-bg-transform-zoom-in elementor-widget elementor-widget-call-to-action\" data-id=\"1166f76\" data-element_type=\"widget\" data-e-type=\"widget\" data-widget_type=\"call-to-action.default\">\n\t\t\t\t<div class=\"elementor-widget-container\">\n\t\t\t\t\t\t\t<div class=\"elementor-cta\">\n\t\t\t\t\t<div class=\"elementor-cta__bg-wrapper\">\n\t\t\t\t<div class=\"elementor-cta__bg elementor-bg\" style=\"background-image: url(https:\/\/www.revorgroup.com\/wp-content\/uploads\/2023\/06\/Ziekenhuis.jpg);\" role=\"img\" aria-label=\"Krankenhaus\"><\/div>\n\t\t\t\t<div class=\"elementor-cta__bg-overlay\"><\/div>\n\t\t\t<\/div>\n\t\t\t\t\t\t\t<div class=\"elementor-cta__content\">\n\t\t\t\t\n\t\t\t\t\t\t\t\t\t<h4 class=\"elementor-cta__title elementor-cta__content-item elementor-content-item\">\n\t\t\t\t\t\tKrankenhaus oder Einrichtung \t\t\t\t\t<\/h4>\n\t\t\t\t\n\t\t\t\t\t\t\t\t\t<div class=\"elementor-cta__description elementor-cta__content-item elementor-content-item\">\n\t\t\t\t\t\tEntdecken Sie unsere Care-Kollektion mit einer breiten Auswahl an Produkten, die allen erforderlichen Sicherheitsnormen auf dem Markt entsprechen.\t\t\t\t\t<\/div>\n\t\t\t\t\n\t\t\t\t\t\t\t\t\t<div class=\"elementor-cta__button-wrapper elementor-cta__content-item elementor-content-item\">\n\t\t\t\t\t<a class=\"elementor-cta__button elementor-button elementor-size-\" href=\"https:\/\/www.revorgroup.com\/de\/medische\/\">\n\t\t\t\t\t\tKollektion ansehen\t\t\t\t\t<\/a>\n\t\t\t\t\t<\/div>\n\t\t\t\t\t\t\t<\/div>\n\t\t\t\t\t\t<\/div>\n\t\t\t\t\t\t<\/div>\n\t\t\t\t<\/div>\n\t\t\t\t<div class=\"elementor-element elementor-element-78b6f84f elementor-cta--layout-image-left elementor-cta--valign-middle elementor-cta--mobile-layout-image-above elementor-cta--skin-classic elementor-animated-content elementor-bg-transform elementor-bg-transform-zoom-in elementor-widget elementor-widget-call-to-action\" data-id=\"78b6f84f\" data-element_type=\"widget\" data-e-type=\"widget\" id=\"service_5\" data-widget_type=\"call-to-action.default\">\n\t\t\t\t<div class=\"elementor-widget-container\">\n\t\t\t\t\t\t\t<div class=\"elementor-cta\">\n\t\t\t\t\t<div class=\"elementor-cta__bg-wrapper\">\n\t\t\t\t<div class=\"elementor-cta__bg elementor-bg\" style=\"background-image: url(https:\/\/www.revorgroup.com\/wp-content\/uploads\/2023\/07\/IMG_9452-scaled.jpg);\" role=\"img\" aria-label=\"Het personaliseren van je matras kan bij Revor Group\"><\/div>\n\t\t\t\t<div class=\"elementor-cta__bg-overlay\"><\/div>\n\t\t\t<\/div>\n\t\t\t\t\t\t\t<div class=\"elementor-cta__content\">\n\t\t\t\t\n\t\t\t\t\t\t\t\t\t<h4 class=\"elementor-cta__title elementor-cta__content-item elementor-content-item\">\n\t\t\t\t\t\tPrivate label &amp; dropshipping\t\t\t\t\t<\/h4>\n\t\t\t\t\n\t\t\t\t\t\t\t\t\t<div class=\"elementor-cta__description elementor-cta__content-item elementor-content-item\">\n\t\t\t\t\t\tSie ben\u00f6tigen ein Private-Label-Produkt, Dropshipping oder den Export von Betten und Matratzen? Wir machen es m\u00f6glich.\t\t\t\t\t<\/div>\n\t\t\t\t\n\t\t\t\t\t\t\t\t\t<div class=\"elementor-cta__button-wrapper elementor-cta__content-item elementor-content-item\">\n\t\t\t\t\t<a class=\"elementor-cta__button elementor-button elementor-size-md\" href=\"https:\/\/www.revorgroup.com\/de\/contacteer-ons\/\">\n\t\t\t\t\t\tWeitere Informationen anfordern\t\t\t\t\t<\/a>\n\t\t\t\t\t<\/div>\n\t\t\t\t\t\t\t<\/div>\n\t\t\t\t\t\t<\/div>\n\t\t\t\t\t\t<\/div>\n\t\t\t\t<\/div>\n\t\t\t\t\t<\/div>\n\t\t<\/div>\n\t\t\t\t\t<\/div>\n\t\t<\/section>\n\t\t\t\t<\/div>","protected":false},"excerpt":{"rendered":"<p>Onze collecties Revor Group biedt een uitgebreid scala aan diensten om de diverse behoeften van klanten te voldoen. We leveren hoogwaardige slaapproducten aan de retailmarkt en werken samen met hotels, resorts, etc. in de contractmarkt. Daarnaast ontwikkelen we speciale slaapoplossingen voor de medische en zorgsector, bieden we private label-opties aan en exporteren we onze producten [&hellip;]<\/p>","protected":false},"author":8157,"featured_media":110,"parent":0,"menu_order":0,"comment_status":"closed","ping_status":"closed","template":"elementor_header_footer","meta":{"_monsterinsights_skip_tracking":false,"_monsterinsights_sitenote_active":false,"_monsterinsights_sitenote_note":"","_monsterinsights_sitenote_category":0,"footnotes":""},"class_list":["post-100","page","type-page","status-publish","has-post-thumbnail","hentry"],"yoast_head":"<!-- This site is optimized with the Yoast SEO plugin v24.8.1 - https:\/\/yoast.com\/wordpress\/plugins\/seo\/ -->\n<title>Onze diensten - Revor Group<\/title>\n<meta name=\"description\" content=\"Revor Group biedt uitgebreide diensten voor retail, hospitality, zorgsector. Van private label tot dropshipping en export van slaapproducten.\" \/>\n<meta name=\"robots\" content=\"index, follow, max-snippet:-1, max-image-preview:large, max-video-preview:-1\" \/>\n<link rel=\"canonical\" href=\"https:\/\/www.revorgroup.com\/de\/onze-diensten\/\" \/>\n<meta property=\"og:locale\" content=\"de_DE\" \/>\n<meta property=\"og:type\" content=\"article\" \/>\n<meta property=\"og:title\" content=\"Onze diensten - Revor Group\" \/>\n<meta property=\"og:description\" content=\"Revor Group biedt uitgebreide diensten voor retail, hospitality, zorgsector. Van private label tot dropshipping en export van slaapproducten.\" \/>\n<meta property=\"og:url\" content=\"https:\/\/www.revorgroup.com\/de\/onze-diensten\/\" \/>\n<meta property=\"og:site_name\" content=\"Revor Group\" \/>\n<meta property=\"article:modified_time\" content=\"2026-02-18T10:09:20+00:00\" \/>\n<meta property=\"og:image\" content=\"https:\/\/www.revorgroup.com\/wp-content\/uploads\/2022\/08\/Services-400_380.jpg\" \/>\n\t<meta property=\"og:image:width\" content=\"400\" \/>\n\t<meta property=\"og:image:height\" content=\"380\" \/>\n\t<meta property=\"og:image:type\" content=\"image\/jpeg\" \/>\n<meta name=\"twitter:card\" content=\"summary_large_image\" \/>\n<meta name=\"twitter:label1\" content=\"Gesch\u00e4tzte Lesezeit\" \/>\n\t<meta name=\"twitter:data1\" content=\"1\u00a0Minute\" \/>\n<script type=\"application\/ld+json\" class=\"yoast-schema-graph\">{\"@context\":\"https:\/\/schema.org\",\"@graph\":[{\"@type\":\"WebPage\",\"@id\":\"https:\/\/www.revorgroup.com\/onze-diensten\/\",\"url\":\"https:\/\/www.revorgroup.com\/onze-diensten\/\",\"name\":\"Onze diensten - Revor Group\",\"isPartOf\":{\"@id\":\"https:\/\/revorgroup.elementor.cloud\/#website\"},\"primaryImageOfPage\":{\"@id\":\"https:\/\/www.revorgroup.com\/onze-diensten\/#primaryimage\"},\"image\":{\"@id\":\"https:\/\/www.revorgroup.com\/onze-diensten\/#primaryimage\"},\"thumbnailUrl\":\"https:\/\/www.revorgroup.com\/wp-content\/uploads\/2022\/08\/Services-400_380.jpg\",\"datePublished\":\"2022-08-23T15:12:44+00:00\",\"dateModified\":\"2026-02-18T10:09:20+00:00\",\"description\":\"Revor Group biedt uitgebreide diensten voor retail, hospitality, zorgsector. Van private label tot dropshipping en export van slaapproducten.\",\"breadcrumb\":{\"@id\":\"https:\/\/www.revorgroup.com\/onze-diensten\/#breadcrumb\"},\"inLanguage\":\"de\",\"potentialAction\":[{\"@type\":\"ReadAction\",\"target\":[\"https:\/\/www.revorgroup.com\/onze-diensten\/\"]}]},{\"@type\":\"ImageObject\",\"inLanguage\":\"de\",\"@id\":\"https:\/\/www.revorgroup.com\/onze-diensten\/#primaryimage\",\"url\":\"https:\/\/www.revorgroup.com\/wp-content\/uploads\/2022\/08\/Services-400_380.jpg\",\"contentUrl\":\"https:\/\/www.revorgroup.com\/wp-content\/uploads\/2022\/08\/Services-400_380.jpg\",\"width\":400,\"height\":380},{\"@type\":\"BreadcrumbList\",\"@id\":\"https:\/\/www.revorgroup.com\/onze-diensten\/#breadcrumb\",\"itemListElement\":[{\"@type\":\"ListItem\",\"position\":1,\"name\":\"Home\",\"item\":\"https:\/\/www.revorgroup.com\/\"},{\"@type\":\"ListItem\",\"position\":2,\"name\":\"Onze diensten\"}]},{\"@type\":\"WebSite\",\"@id\":\"https:\/\/revorgroup.elementor.cloud\/#website\",\"url\":\"https:\/\/revorgroup.elementor.cloud\/\",\"name\":\"Revor Group\",\"description\":\"Producent van matrassen en boxsprings.\",\"publisher\":{\"@id\":\"https:\/\/revorgroup.elementor.cloud\/#organization\"},\"potentialAction\":[{\"@type\":\"SearchAction\",\"target\":{\"@type\":\"EntryPoint\",\"urlTemplate\":\"https:\/\/revorgroup.elementor.cloud\/?s={search_term_string}\"},\"query-input\":{\"@type\":\"PropertyValueSpecification\",\"valueRequired\":true,\"valueName\":\"search_term_string\"}}],\"inLanguage\":\"de\"},{\"@type\":\"Organization\",\"@id\":\"https:\/\/revorgroup.elementor.cloud\/#organization\",\"name\":\"Revor Group\",\"url\":\"https:\/\/revorgroup.elementor.cloud\/\",\"logo\":{\"@type\":\"ImageObject\",\"inLanguage\":\"de\",\"@id\":\"https:\/\/revorgroup.elementor.cloud\/#\/schema\/logo\/image\/\",\"url\":\"https:\/\/www.revorgroup.com\/wp-content\/uploads\/2022\/08\/logo_revor_bedding_group_pos-scaled.png\",\"contentUrl\":\"https:\/\/www.revorgroup.com\/wp-content\/uploads\/2022\/08\/logo_revor_bedding_group_pos-scaled.png\",\"width\":2560,\"height\":747,\"caption\":\"Revor Group\"},\"image\":{\"@id\":\"https:\/\/revorgroup.elementor.cloud\/#\/schema\/logo\/image\/\"}}]}<\/script>\n<!-- \/ Yoast SEO plugin. -->","yoast_head_json":{"title":"Onze diensten - Revor Group","description":"Revor Group biedt uitgebreide diensten voor retail, hospitality, zorgsector. Van private label tot dropshipping en export van slaapproducten.","robots":{"index":"index","follow":"follow","max-snippet":"max-snippet:-1","max-image-preview":"max-image-preview:large","max-video-preview":"max-video-preview:-1"},"canonical":"https:\/\/www.revorgroup.com\/de\/onze-diensten\/","og_locale":"de_DE","og_type":"article","og_title":"Onze diensten - Revor Group","og_description":"Revor Group biedt uitgebreide diensten voor retail, hospitality, zorgsector. Van private label tot dropshipping en export van slaapproducten.","og_url":"https:\/\/www.revorgroup.com\/de\/onze-diensten\/","og_site_name":"Revor Group","article_modified_time":"2026-02-18T10:09:20+00:00","og_image":[{"width":400,"height":380,"url":"https:\/\/www.revorgroup.com\/wp-content\/uploads\/2022\/08\/Services-400_380.jpg","type":"image\/jpeg"}],"twitter_card":"summary_large_image","twitter_misc":{"Gesch\u00e4tzte Lesezeit":"1\u00a0Minute"},"schema":{"@context":"https:\/\/schema.org","@graph":[{"@type":"WebPage","@id":"https:\/\/www.revorgroup.com\/onze-diensten\/","url":"https:\/\/www.revorgroup.com\/onze-diensten\/","name":"Onze diensten - Revor Group","isPartOf":{"@id":"https:\/\/revorgroup.elementor.cloud\/#website"},"primaryImageOfPage":{"@id":"https:\/\/www.revorgroup.com\/onze-diensten\/#primaryimage"},"image":{"@id":"https:\/\/www.revorgroup.com\/onze-diensten\/#primaryimage"},"thumbnailUrl":"https:\/\/www.revorgroup.com\/wp-content\/uploads\/2022\/08\/Services-400_380.jpg","datePublished":"2022-08-23T15:12:44+00:00","dateModified":"2026-02-18T10:09:20+00:00","description":"Revor Group biedt uitgebreide diensten voor retail, hospitality, zorgsector. Van private label tot dropshipping en export van slaapproducten.","breadcrumb":{"@id":"https:\/\/www.revorgroup.com\/onze-diensten\/#breadcrumb"},"inLanguage":"de","potentialAction":[{"@type":"ReadAction","target":["https:\/\/www.revorgroup.com\/onze-diensten\/"]}]},{"@type":"ImageObject","inLanguage":"de","@id":"https:\/\/www.revorgroup.com\/onze-diensten\/#primaryimage","url":"https:\/\/www.revorgroup.com\/wp-content\/uploads\/2022\/08\/Services-400_380.jpg","contentUrl":"https:\/\/www.revorgroup.com\/wp-content\/uploads\/2022\/08\/Services-400_380.jpg","width":400,"height":380},{"@type":"BreadcrumbList","@id":"https:\/\/www.revorgroup.com\/onze-diensten\/#breadcrumb","itemListElement":[{"@type":"ListItem","position":1,"name":"Home","item":"https:\/\/www.revorgroup.com\/"},{"@type":"ListItem","position":2,"name":"Onze diensten"}]},{"@type":"WebSite","@id":"https:\/\/revorgroup.elementor.cloud\/#website","url":"https:\/\/revorgroup.elementor.cloud\/","name":"Revor Group","description":"Producent van matrassen en boxsprings.","publisher":{"@id":"https:\/\/revorgroup.elementor.cloud\/#organization"},"potentialAction":[{"@type":"SearchAction","target":{"@type":"EntryPoint","urlTemplate":"https:\/\/revorgroup.elementor.cloud\/?s={search_term_string}"},"query-input":{"@type":"PropertyValueSpecification","valueRequired":true,"valueName":"search_term_string"}}],"inLanguage":"de"},{"@type":"Organization","@id":"https:\/\/revorgroup.elementor.cloud\/#organization","name":"Revor Group","url":"https:\/\/revorgroup.elementor.cloud\/","logo":{"@type":"ImageObject","inLanguage":"de","@id":"https:\/\/revorgroup.elementor.cloud\/#\/schema\/logo\/image\/","url":"https:\/\/www.revorgroup.com\/wp-content\/uploads\/2022\/08\/logo_revor_bedding_group_pos-scaled.png","contentUrl":"https:\/\/www.revorgroup.com\/wp-content\/uploads\/2022\/08\/logo_revor_bedding_group_pos-scaled.png","width":2560,"height":747,"caption":"Revor Group"},"image":{"@id":"https:\/\/revorgroup.elementor.cloud\/#\/schema\/logo\/image\/"}}]}},"_links":{"self":[{"href":"https:\/\/www.revorgroup.com\/de\/wp-json\/wp\/v2\/pages\/100","targetHints":{"allow":["GET"]}}],"collection":[{"href":"https:\/\/www.revorgroup.com\/de\/wp-json\/wp\/v2\/pages"}],"about":[{"href":"https:\/\/www.revorgroup.com\/de\/wp-json\/wp\/v2\/types\/page"}],"author":[{"embeddable":true,"href":"https:\/\/www.revorgroup.com\/de\/wp-json\/wp\/v2\/users\/8157"}],"replies":[{"embeddable":true,"href":"https:\/\/www.revorgroup.com\/de\/wp-json\/wp\/v2\/comments?post=100"}],"version-history":[{"count":25,"href":"https:\/\/www.revorgroup.com\/de\/wp-json\/wp\/v2\/pages\/100\/revisions"}],"predecessor-version":[{"id":3844,"href":"https:\/\/www.revorgroup.com\/de\/wp-json\/wp\/v2\/pages\/100\/revisions\/3844"}],"wp:featuredmedia":[{"embeddable":true,"href":"https:\/\/www.revorgroup.com\/de\/wp-json\/wp\/v2\/media\/110"}],"wp:attachment":[{"href":"https:\/\/www.revorgroup.com\/de\/wp-json\/wp\/v2\/media?parent=100"}],"curies":[{"name":"wp","href":"https:\/\/api.w.org\/{rel}","templated":true}]}}